{"id":83,"date":"2022-04-13T20:26:20","date_gmt":"2022-04-13T20:26:20","guid":{"rendered":"https:\/\/artmediation.art\/?page_id=83"},"modified":"2022-04-22T22:54:46","modified_gmt":"2022-04-22T22:54:46","slug":"prelegenci-speakers","status":"publish","type":"page","link":"https:\/\/artmediation.art\/index.php\/prelegenci-speakers\/","title":{"rendered":"PRELEGENCI | SPEAKERS"},"content":{"rendered":"<p>[et_pb_section fb_built=&#8221;1&#8243; _builder_version=&#8221;4.17.0&#8243; _module_preset=&#8221;default&#8221; global_colors_info=&#8221;{}&#8221;][et_pb_row _builder_version=&#8221;4.17.0&#8243; _module_preset=&#8221;default&#8221; global_colors_info=&#8221;{}&#8221;][et_pb_column type=&#8221;4_4&#8243; _builder_version=&#8221;4.17.0&#8243; _module_preset=&#8221;default&#8221; global_colors_info=&#8221;{}&#8221;][et_pb_text _builder_version=&#8221;4.17.0&#8243; _module_preset=&#8221;default&#8221; animation_style=&#8221;zoom&#8221; global_colors_info=&#8221;{}&#8221;]<\/p>\n<h4 style=\"text-align: center;\"><a href=\"https:\/\/artmediation.art\/index.php\/adam-abel\/\">Adam ABEL<\/a><\/h4>\n<h4 style=\"text-align: center;\"><a href=\"https:\/\/artmediation.art\/index.php\/122-2\/\">Monika ALEKSANDROWICZ<\/a><\/h4>\n<h4 style=\"text-align: center;\"><a href=\"https:\/\/artmediation.art\/index.php\/anna-bywanis\/\">Anna BYWANIS<\/a><\/h4>\n<h4 style=\"text-align: center;\"><a href=\"https:\/\/artmediation.art\/index.php\/francesco-di-paola\/\">Francesco DI PAOLA<\/a><\/h4>\n<h4 style=\"text-align: center;\"><a href=\"https:\/\/artmediation.art\/index.php\/daniel-dulian\/\">Daniel DULIAN<\/a><\/h4>\n<h4 style=\"text-align: center;\"><a href=\"https:\/\/artmediation.art\/index.php\/katarzyna-gemborys-lukasz-szatanek\/\">Katarzyna GEMBORYS, \u0141ukasz SZATANEK<\/a><\/h4>\n<h4 style=\"text-align: center;\"><a href=\"https:\/\/artmediation.art\/index.php\/piotr-idzi\/\">Piotr IDZI<\/a><\/h4>\n<h4 style=\"text-align: center;\"><a href=\"https:\/\/artmediation.art\/index.php\/tomasz-ilnicki\/\">Tomasz ILNICKI<\/a><\/h4>\n<h4 style=\"text-align: center;\"><a href=\"https:\/\/artmediation.art\/index.php\/malgorzata-kaczmarska\/\">Ma\u0142gorzata KACZMARSKA<\/a><\/h4>\n<h4 style=\"text-align: center;\"><a href=\"https:\/\/artmediation.art\/index.php\/fania-kolaiti\/\">Fania KOLAITI<\/a><\/h4>\n<h4 style=\"text-align: center;\"><a href=\"https:\/\/artmediation.art\/index.php\/rafal-kotwis\/\">Rafa\u0142 KOTWIS<\/a><\/h4>\n<h4 style=\"text-align: center;\"><a href=\"https:\/\/artmediation.art\/index.php\/aleksandra-kusmierska\/\">Aleksandra KU\u015aMIERSKA<\/a><\/h4>\n<h4 style=\"text-align: center;\"><a href=\"https:\/\/artmediation.art\/index.php\/rosangella-leote\/\">Rosangella LEOTE<\/a><\/h4>\n<h4 style=\"text-align: center;\"><a href=\"https:\/\/artmediation.art\/index.php\/jordi-morell\/\">Jordi MORELL<\/a><\/h4>\n<h4 style=\"text-align: center;\"><a href=\"https:\/\/artmediation.art\/index.php\/marcin-noga\/\">Marcin NOGA<\/a><\/h4>\n<h4 style=\"text-align: center;\"><a href=\"https:\/\/artmediation.art\/index.php\/aleksander-jozef-olszewski\/\">Aleksander J\u00f3zef OLSZEWSKI<\/a><\/h4>\n<h4 style=\"text-align: center;\"><a href=\"https:\/\/artmediation.art\/index.php\/pawel-ozga\/\">Pawe\u0142 OZGA<\/a><\/h4>\n<h4 style=\"text-align: center;\"><a href=\"https:\/\/artmediation.art\/index.php\/jacek-romanski\/\">Jacek ROMA\u0143SKI<\/a><\/h4>\n<h4 style=\"text-align: center;\"><a href=\"https:\/\/artmediation.art\/index.php\/thomas-schmidt\/\">Thomas SCHMIDT<\/a><\/h4>\n<h4 style=\"text-align: center;\"><a href=\"https:\/\/artmediation.art\/index.php\/zbigniew-wladyslaw-solski-rafal-piotr-solski\/\">Zbigniew W\u0142adys\u0142aw SOLSKI, Rafa\u0142 Piotr SOLSKI<\/a><\/h4>\n<h4 style=\"text-align: center;\"><a href=\"https:\/\/artmediation.art\/index.php\/lukasz-szatanek\/\">\u0141ukasz SZATANEK<\/a><\/h4>\n<h4 style=\"text-align: center;\"><a href=\"https:\/\/artmediation.art\/index.php\/janusz-wojcik\/\">Janusz W\u00d3JCIK<\/a><\/h4>\n<p>[\/et_pb_text][\/et_pb_column][\/et_pb_row][\/et_pb_section]<\/p>\n","protected":false},"excerpt":{"rendered":"<p>Adam ABEL Monika ALEKSANDROWICZ Anna BYWANIS Francesco DI PAOLA Daniel DULIAN Katarzyna GEMBORYS, \u0141ukasz SZATANEK Piotr IDZI Tomasz ILNICKI Ma\u0142gorzata KACZMARSKA Fania KOLAITI Rafa\u0142 KOTWIS Aleksandra KU\u015aMIERSKA Rosangella LEOTE Jordi MORELL Marcin NOGA Aleksander J\u00f3zef OLSZEWSKI Pawe\u0142 OZGA Jacek ROMA\u0143SKI Thomas SCHMIDT Zbigniew W\u0142adys\u0142aw SOLSKI, Rafa\u0142 Piotr SOLSKI \u0141ukasz SZATANEK Janusz W\u00d3JCIK<\/p>\n","protected":false},"author":1,"featured_media":0,"parent":0,"menu_order":0,"comment_status":"closed","ping_status":"closed","template":"","meta":{"_et_pb_use_builder":"on","_et_pb_old_content":"","_et_gb_content_width":"","footnotes":""},"class_list":["post-83","page","type-page","status-publish","hentry"],"_links":{"self":[{"href":"https:\/\/artmediation.art\/index.php\/wp-json\/wp\/v2\/pages\/83","targetHints":{"allow":["GET"]}}],"collection":[{"href":"https:\/\/artmediation.art\/index.php\/wp-json\/wp\/v2\/pages"}],"about":[{"href":"https:\/\/artmediation.art\/index.php\/wp-json\/wp\/v2\/types\/page"}],"author":[{"embeddable":true,"href":"https:\/\/artmediation.art\/index.php\/wp-json\/wp\/v2\/users\/1"}],"replies":[{"embeddable":true,"href":"https:\/\/artmediation.art\/index.php\/wp-json\/wp\/v2\/comments?post=83"}],"version-history":[{"count":37,"href":"https:\/\/artmediation.art\/index.php\/wp-json\/wp\/v2\/pages\/83\/revisions"}],"predecessor-version":[{"id":620,"href":"https:\/\/artmediation.art\/index.php\/wp-json\/wp\/v2\/pages\/83\/revisions\/620"}],"wp:attachment":[{"href":"https:\/\/artmediation.art\/index.php\/wp-json\/wp\/v2\/media?parent=83"}],"curies":[{"name":"wp","href":"https:\/\/api.w.org\/{rel}","templated":true}]}}