{"id":624,"date":"2022-04-23T07:05:47","date_gmt":"2022-04-23T07:05:47","guid":{"rendered":"https:\/\/artmediation.art\/?page_id=624"},"modified":"2022-04-25T21:54:04","modified_gmt":"2022-04-25T21:54:04","slug":"monografia-monograph","status":"publish","type":"page","link":"https:\/\/artmediation.art\/index.php\/monografia-monograph\/","title":{"rendered":"Monografia | Monograph"},"content":{"rendered":"<p>[et_pb_section fb_built=&#8221;1&#8243; _builder_version=&#8221;4.17.0&#8243; _module_preset=&#8221;default&#8221; global_colors_info=&#8221;{}&#8221;][et_pb_row column_structure=&#8221;1_2,1_2&#8243; _builder_version=&#8221;4.17.0&#8243; _module_preset=&#8221;default&#8221; global_colors_info=&#8221;{}&#8221;][et_pb_column type=&#8221;1_2&#8243; _builder_version=&#8221;4.17.0&#8243; _module_preset=&#8221;default&#8221; global_colors_info=&#8221;{}&#8221;][et_pb_text _builder_version=&#8221;4.17.0&#8243; _module_preset=&#8221;default&#8221; global_colors_info=&#8221;{}&#8221;]<\/p>\n<h1 class=\"v1MsoNormal\" style=\"text-align: left;\"><strong><span lang=\"EN-US\">Monografia<\/span><\/strong><\/h1>\n<h3 class=\"v1MsoNormal\" style=\"text-align: left;\"><span lang=\"EN-US\">INTERAKCJA I KREACJA | INTERACTION AND CREATION<\/span><\/h3>\n<h3 class=\"v1MsoNormal\" style=\"text-align: left;\"><b><span>DRUK 3D JAKO NARZE\u0328DZIE KREATYWNYCH ROZWIA\u0328ZAN\u0301 W SZTUKACH WIZUALNYCH \u2013 KONTEKSTY<\/span><\/b><\/h3>\n<p><b><span><\/span><\/b><\/p>\n<p class=\"v1MsoNormal\" style=\"text-align: justify;\"><b><span>Termin sk\u0142adania artyku\u0142\u00f3w do recenzji: 15 czerwca 2022<\/span><\/b><\/p>\n<p class=\"v1MsoNormal\" style=\"text-align: justify;\"><b><span>Wymagania redakcyjne<\/span><\/b><\/p>\n<p class=\"v1MsoNormal\" style=\"text-align: justify;\"><b><span>Autor\u00f3w polskoj\u0119zycznych prosimy o przygotowanie materia\u0142\u00f3w tekstowych w j\u0119zyku polskim i angielskim. Teksty angielskoj\u0119zyczne zostan\u0105 przez nas oddane do sprawdzenia przez profesjonalnego t\u0142umacza. Mimo to, prosimy o wersj\u0119 angielskoj\u0119zyczn\u0105, gdy\u017c nikt nie wska\u017ce lepiej w\u0142a\u015bciwego kontekstu jak fachowiec.<\/span><\/b><\/p>\n<p class=\"v1MsoNormal\" style=\"text-align: justify;\"><span>&#8211; imi\u0119 i nazwisko Autora \/ Autor\u00f3w,<\/span><\/p>\n<p class=\"v1MsoNormal\" style=\"text-align: justify;\"><span>&#8211; tytu\u0142 artyku\u0142u,<b><\/b><\/span><\/p>\n<p class=\"v1MsoNormal\" style=\"text-align: justify;\"><span>&#8211; abstrakt (je\u015bli zaktualizowany),<\/span><\/p>\n<p class=\"v1MsoNormal\" style=\"text-align: justify;\"><span>&#8211; bio (je\u015bli zmienione),<\/span><\/p>\n<p class=\"v1MsoNormal\" style=\"text-align: justify;\"><span>&#8211; s\u0142owa kluczowe (6-10),<\/span><\/p>\n<p class=\"v1MsoNormal\" style=\"text-align: justify;\"><span>&#8211; afiliacja dot. Autora \/ Autor\u00f3w (miejsce pracy naukowej \u2013 instytut, wydzia\u0142, uczelnia),<\/span><\/p>\n<p class=\"v1MsoNormal\" style=\"text-align: justify;\"><span>&#8211; ilustracje (maks. 10): podpisy pod ilustracjami, je\u015bli Autor artyku\u0142u nie jest autorem ilustracji prosimy o do\u0142\u0105czenie odpowiednich zg\u00f3d na publikacj\u0119; ilustracje w rozdzielczo\u015bci 300 dpi (w plikach .tiff lub .jpg) prosimy o przes\u0142ane drog\u0105 elektroniczn\u0105, przez wetransfer na adres: <a href=\"m.kaczmarska(at)asp.wroc.pl\">m.kaczmarska(at)asp.wroc.pl<\/a><\/span><\/p>\n<p class=\"v1MsoNormal\" style=\"text-align: justify;\"><span>&#8211; przypisy, literatura (w tym \u017ar\u00f3d\u0142a internetowe wraz z dat\u0105 dost\u0119pu),<\/span><\/p>\n<p class=\"v1MsoNormal\" style=\"text-align: justify;\"><span>&#8211; d\u0142ugo\u015b\u0107 tekstu: ARTYKU\u0141 NAUKOWY to minimum 20 000 znak\u00f3w ze spacjami, czyli 0,5 arkusza wydawniczego; przyjmowane b\u0119d\u0105 te\u017c kr\u00f3tsze teksty \u2013 prosimy pami\u0119ta\u0107, \u017ce maj\u0105 one w\u00f3wczas inne znaczenie w dorobku naukowym Autora,<\/span><\/p>\n<p class=\"v1MsoNormal\" style=\"text-align: justify;\"><span lang=\"EN-US\">&#8211; tekst zapisany jako .doc<\/span><\/p>\n<p>[\/et_pb_text][\/et_pb_column][et_pb_column type=&#8221;1_2&#8243; _builder_version=&#8221;4.17.0&#8243; _module_preset=&#8221;default&#8221; global_colors_info=&#8221;{}&#8221;][et_pb_text _builder_version=&#8221;4.17.0&#8243; _module_preset=&#8221;default&#8221; global_colors_info=&#8221;{}&#8221;]<\/p>\n<h1 class=\"v1MsoNormal\" style=\"text-align: justify;\"><strong><span lang=\"EN-US\"><\/span><\/strong><\/h1>\n<h1 class=\"v1MsoNormal\" style=\"text-align: justify;\"><strong><span lang=\"EN-US\">Monograph<\/span><\/strong><\/h1>\n<h3 class=\"v1MsoNormal\" style=\"text-align: left;\"><span lang=\"EN-US\">INTERACTION AND CREATION | INTERACTION AND CREATION<\/span><\/h3>\n<h3 class=\"v1MsoNormal\" style=\"text-align: left;\"><b><span lang=\"EN-US\">3D PRINTING AS A TOOL FOR CREATIVE SOLUTIONS IN THE VISUAL ARTS \u2013 CONTEXTS<\/span><\/b><\/h3>\n<p><b><span lang=\"EN-US\"><\/span><\/b><\/p>\n<p><b><span lang=\"EN-US\"><\/span><\/b><\/p>\n<p class=\"v1MsoNormal\" style=\"text-align: justify;\"><b><span lang=\"EN-US\">Deadline for submitting papers for review: 15 June 2022<\/span><\/b><\/p>\n<p class=\"v1MsoNormal\" style=\"text-align: justify;\"><b><span lang=\"EN-US\">Editorial requirements<\/span><\/b><\/p>\n<p class=\"v1MsoNormal\" style=\"text-align: justify;\"><span lang=\"EN-US\">&#8211; the author&#8217;s first name and surname,<\/span><\/p>\n<p class=\"v1MsoNormal\" style=\"text-align: justify;\"><span lang=\"EN-US\">&#8211; the title of the article,<\/span><\/p>\n<p class=\"v1MsoNormal\" style=\"text-align: justify;\"><span lang=\"EN-US\">&#8211; the abstract (if updated),<\/span><\/p>\n<p class=\"v1MsoNormal\" style=\"text-align: justify;\"><span lang=\"EN-US\">&#8211; bio (if changed),<\/span><\/p>\n<p class=\"v1MsoNormal\" style=\"text-align: justify;\"><span lang=\"EN-US\">&#8211; key words (6-10),<\/span><\/p>\n<p class=\"v1MsoNormal\" style=\"text-align: justify;\"><span lang=\"EN-US\">&#8211; affiliation regarding the Author \/ Authors (place of research &#8211; institute, faculty, university),<\/span><\/p>\n<p class=\"v1MsoNormal\" style=\"text-align: justify;\"><span lang=\"EN-US\">&#8211; illustrations (max. 10): image captions, if the author of the article is not the author of the illustrations, please attach the appropriate authorizations for publication; image resolution \u2013 at least 300 dpi (format TIFF, JPEG); the illustrative material should be delivered by the authors in electronic form, using wetransfer to <a href=\"m.kaczmarska(at)asp.wroc.pl\">m.kaczmarska(at)asp.wroc.pl<\/a><\/span><span lang=\"EN-US\"><\/span><\/p>\n<p class=\"v1MsoNormal\" style=\"text-align: justify;\"><span lang=\"EN-US\">&#8211; footnotes and bibliography (including online sources with date of access),<\/span><\/p>\n<p class=\"v1MsoNormal\" style=\"text-align: justify;\"><span lang=\"EN-US\">&#8211; text length: SCIENTIFIC ARTICLE is a minimum of 20,000 characters with spaces, i.e. 0.5 publishing sheet; shorter texts will also be accepted as well \u2013 please remember that they have a different meaning in the author&#8217;s scientific output,<\/span><\/p>\n<p class=\"v1MsoNormal\" style=\"text-align: justify;\"><span lang=\"EN-US\">&#8211; please save the text file .doc format.<\/span><\/p>\n<p>[\/et_pb_text][\/et_pb_column][\/et_pb_row][\/et_pb_section]<\/p>\n","protected":false},"excerpt":{"rendered":"<p>Monografia INTERAKCJA I KREACJA | INTERACTION AND CREATION DRUK 3D JAKO NARZE\u0328DZIE KREATYWNYCH ROZWIA\u0328ZAN\u0301 W SZTUKACH WIZUALNYCH \u2013 KONTEKSTY Termin sk\u0142adania artyku\u0142\u00f3w do recenzji: 15 czerwca 2022 Wymagania redakcyjne Autor\u00f3w polskoj\u0119zycznych prosimy o przygotowanie materia\u0142\u00f3w tekstowych w j\u0119zyku polskim i angielskim. Teksty angielskoj\u0119zyczne zostan\u0105 przez nas oddane do sprawdzenia przez profesjonalnego t\u0142umacza. Mimo to, prosimy [&hellip;]<\/p>\n","protected":false},"author":1,"featured_media":0,"parent":0,"menu_order":0,"comment_status":"closed","ping_status":"closed","template":"","meta":{"_et_pb_use_builder":"on","_et_pb_old_content":"","_et_gb_content_width":"","footnotes":""},"class_list":["post-624","page","type-page","status-publish","hentry"],"_links":{"self":[{"href":"https:\/\/artmediation.art\/index.php\/wp-json\/wp\/v2\/pages\/624","targetHints":{"allow":["GET"]}}],"collection":[{"href":"https:\/\/artmediation.art\/index.php\/wp-json\/wp\/v2\/pages"}],"about":[{"href":"https:\/\/artmediation.art\/index.php\/wp-json\/wp\/v2\/types\/page"}],"author":[{"embeddable":true,"href":"https:\/\/artmediation.art\/index.php\/wp-json\/wp\/v2\/users\/1"}],"replies":[{"embeddable":true,"href":"https:\/\/artmediation.art\/index.php\/wp-json\/wp\/v2\/comments?post=624"}],"version-history":[{"count":3,"href":"https:\/\/artmediation.art\/index.php\/wp-json\/wp\/v2\/pages\/624\/revisions"}],"predecessor-version":[{"id":690,"href":"https:\/\/artmediation.art\/index.php\/wp-json\/wp\/v2\/pages\/624\/revisions\/690"}],"wp:attachment":[{"href":"https:\/\/artmediation.art\/index.php\/wp-json\/wp\/v2\/media?parent=624"}],"curies":[{"name":"wp","href":"https:\/\/api.w.org\/{rel}","templated":true}]}}