{"id":404,"date":"2022-04-20T17:13:07","date_gmt":"2022-04-20T17:13:07","guid":{"rendered":"https:\/\/artmediation.art\/?page_id=404"},"modified":"2023-03-07T12:31:01","modified_gmt":"2023-03-07T12:31:01","slug":"wystawa-exhibition","status":"publish","type":"page","link":"https:\/\/artmediation.art\/index.php\/wystawa-exhibition\/","title":{"rendered":"WYSTAWA | EXHIBITION"},"content":{"rendered":"<p>[et_pb_section fb_built=&#8221;1&#8243; _builder_version=&#8221;4.17.0&#8243; _module_preset=&#8221;default&#8221; global_colors_info=&#8221;{}&#8221;][et_pb_row _builder_version=&#8221;4.18.0&#8243; _module_preset=&#8221;default&#8221; global_colors_info=&#8221;{}&#8221;][et_pb_column type=&#8221;4_4&#8243; _builder_version=&#8221;4.18.0&#8243; _module_preset=&#8221;default&#8221; global_colors_info=&#8221;{}&#8221;][et_pb_post_title _builder_version=&#8221;4.18.0&#8243; _module_preset=&#8221;default&#8221; global_colors_info=&#8221;{}&#8221;][\/et_pb_post_title][et_pb_gallery gallery_ids=&#8221;936,921,1091,916,917,919,920,922,923,924,925,926,927,928,929,930,931,932,933,934,935,937,938,939,940,941,942,943,944,945,946,947,948,949,950,951,952,953,954,955,956,957,958,959,960,961,962,963,964,965,966,967,968,969,970,971,972,973,974,975,976,977,978,979,980,981,982,983,984,985,986,987,988,989,990,991,992,993,994,995,996,997,998,999,1000,1001,1002,1003,1004,1005,1006,1007,1008,1009,1010,1011,1012,1013,1014,1015,1016,1017,1018,1019,1020,1021,1022,1023,1024,1025,1026,1027,1028,1029,1030,1031,1032,1033,1034,1035,1036,1037,1038,1039,1040,1041,1042,1043,1044,1045,1046,1047,1048,1049,1050,1051,1052,1053,1054,1055,1056,1057,1058,1059,1060,1061,1062,1063,1064,1065,1066,1067,1068,1069,1070,1071,1072,1073,1074,1075,1076,1077,1078,1079,1080,1081,1082,1083,1084,1085,1086,1087,1088,1089,1090&#8243; fullwidth=&#8221;on&#8221; _builder_version=&#8221;4.18.0&#8243; _module_preset=&#8221;default&#8221; hover_enabled=&#8221;0&#8243; global_colors_info=&#8221;{}&#8221; sticky_enabled=&#8221;0&#8243;][\/et_pb_gallery][\/et_pb_column][\/et_pb_row][et_pb_row column_structure=&#8221;1_2,1_2&#8243; _builder_version=&#8221;4.17.0&#8243; _module_preset=&#8221;default&#8221; global_colors_info=&#8221;{}&#8221;][et_pb_column type=&#8221;1_2&#8243; _builder_version=&#8221;4.17.0&#8243; _module_preset=&#8221;default&#8221; global_colors_info=&#8221;{}&#8221;][et_pb_text _builder_version=&#8221;4.18.0&#8243; _module_preset=&#8221;default&#8221; global_colors_info=&#8221;{}&#8221;]<\/p>\n<div class=\"x11i5rnm xat24cr x1mh8g0r x1vvkbs xdj266r x126k92a\">\n<h1 dir=\"auto\">IMPLIKACJE. CYFRA I BRY\u0141A<\/h1>\n<h1 dir=\"auto\">w Muzeum Architektury we Wroc\u0142awiu!<\/h1>\n<h2>30.06\u20134.09.2023<\/h2>\n<p>&nbsp;<\/p>\n<\/div>\n<div class=\"x11i5rnm xat24cr x1mh8g0r x1vvkbs xtlvy1s x126k92a\">\n<div dir=\"auto\"><strong>Miejsce | Place:<\/strong> Muzeum Architektury we Wroc\u0142awiu<\/div>\n<div dir=\"auto\"><strong>Kuratorzy | Curators:<\/strong> Monika Aleksandrowicz, Ma\u0142gorzata Kaczmarska<\/div>\n<\/div>\n<div class=\"x11i5rnm xat24cr x1mh8g0r x1vvkbs xtlvy1s x126k92a\">\n<div dir=\"auto\"><span><a tabindex=\"-1\"><\/a><\/span><strong>Organizatorzy | Organizers:<\/strong><\/div>\n<div dir=\"auto\">Muzeum Architektury we Wroc\u0142awiu | Akademia Sztuk Pi\u0119knych im. Eugeniusza Gepperta we Wroc\u0142awiu<\/div>\n<div dir=\"auto\">Wydzia\u0142 Rze\u017aby i Mediacji Sztuki<\/div>\n<\/div>\n<div class=\"x11i5rnm xat24cr x1mh8g0r x1vvkbs xtlvy1s x126k92a\">\n<div dir=\"auto\"><strong>Wsp\u00f3\u0142praca | Cooperation:<\/strong><\/div>\n<div dir=\"auto\">3dArtech<\/div>\n<\/div>\n<div class=\"x11i5rnm xat24cr x1mh8g0r x1vvkbs xtlvy1s x126k92a\">\n<div dir=\"auto\"><strong>Udzia\u0142 brali:<\/strong><\/div>\n<div dir=\"auto\">Adam Abel,<\/div>\n<div dir=\"auto\">Monika Aleksandrowicz,<\/div>\n<div dir=\"auto\">Merc\u00e8 Casanovas,<\/div>\n<div dir=\"auto\">Francesco di Paola,<\/div>\n<div dir=\"auto\">Katarzyna Gemborys,<\/div>\n<div dir=\"auto\">Magdalena Grzybowska,<\/div>\n<div dir=\"auto\">Piotr Idzi,<\/div>\n<div dir=\"auto\">Ma\u0142gorzata Kaczmarska,<\/div>\n<div dir=\"auto\">Fania Kolaiti,<\/div>\n<div dir=\"auto\">Rafa\u0142 Kotwis,<\/div>\n<div dir=\"auto\">Aleksandra Ku\u015bmierska,<\/div>\n<div dir=\"auto\">Andrea Mercurio,<\/div>\n<div dir=\"auto\">Jordi Morell,<\/div>\n<div dir=\"auto\">Marcin Noga,<\/div>\n<div dir=\"auto\">Aleksander Olszewski,<\/div>\n<div dir=\"auto\">Mateusz O\u015bko,<\/div>\n<div dir=\"auto\">Pawe\u0142 Ozga,<\/div>\n<div dir=\"auto\">Cristina PAST\u00d3,<\/div>\n<div dir=\"auto\">Jacek Roma\u0144ski,<\/div>\n<div dir=\"auto\">Micha\u0142 Staszczak,<\/div>\n<div dir=\"auto\">Thomas Schmidt,<\/div>\n<div dir=\"auto\">\u0141ukasz Szatanek,<\/div>\n<div dir=\"auto\">\u00c0ngels Viladomiu<\/div>\n<\/div>\n<p>[\/et_pb_text][\/et_pb_column][et_pb_column type=&#8221;1_2&#8243; _builder_version=&#8221;4.17.0&#8243; _module_preset=&#8221;default&#8221; global_colors_info=&#8221;{}&#8221;][et_pb_image src=&#8221;https:\/\/artmediation.art\/wp-content\/uploads\/2023\/03\/reklama111.jpg&#8221; title_text=&#8221;reklama111&#8243; _builder_version=&#8221;4.18.0&#8243; _module_preset=&#8221;default&#8221; global_colors_info=&#8221;{}&#8221;][\/et_pb_image][et_pb_image src=&#8221;https:\/\/artmediation.art\/wp-content\/uploads\/2023\/03\/A2_420x594cm_plakat-3D-pl-ang2.jpg&#8221; title_text=&#8221;A2_420x594cm_plakat 3D pl ang2&#8243; _builder_version=&#8221;4.18.0&#8243; _module_preset=&#8221;default&#8221; global_colors_info=&#8221;{}&#8221;][\/et_pb_image][\/et_pb_column][\/et_pb_row][\/et_pb_section]<\/p>\n","protected":false},"excerpt":{"rendered":"<p>IMPLIKACJE. CYFRA I BRY\u0141A w Muzeum Architektury we Wroc\u0142awiu! 30.06\u20134.09.2023 &nbsp; Miejsce | Place: Muzeum Architektury we Wroc\u0142awiu Kuratorzy | Curators: Monika Aleksandrowicz, Ma\u0142gorzata Kaczmarska Organizatorzy | Organizers: Muzeum Architektury we Wroc\u0142awiu | Akademia Sztuk Pi\u0119knych im. Eugeniusza Gepperta we Wroc\u0142awiu Wydzia\u0142 Rze\u017aby i Mediacji Sztuki Wsp\u00f3\u0142praca | Cooperation: 3dArtech Udzia\u0142 brali: Adam Abel, Monika [&hellip;]<\/p>\n","protected":false},"author":1,"featured_media":0,"parent":0,"menu_order":0,"comment_status":"closed","ping_status":"closed","template":"","meta":{"_et_pb_use_builder":"on","_et_pb_old_content":"","_et_gb_content_width":"","footnotes":""},"class_list":["post-404","page","type-page","status-publish","hentry"],"_links":{"self":[{"href":"https:\/\/artmediation.art\/index.php\/wp-json\/wp\/v2\/pages\/404","targetHints":{"allow":["GET"]}}],"collection":[{"href":"https:\/\/artmediation.art\/index.php\/wp-json\/wp\/v2\/pages"}],"about":[{"href":"https:\/\/artmediation.art\/index.php\/wp-json\/wp\/v2\/types\/page"}],"author":[{"embeddable":true,"href":"https:\/\/artmediation.art\/index.php\/wp-json\/wp\/v2\/users\/1"}],"replies":[{"embeddable":true,"href":"https:\/\/artmediation.art\/index.php\/wp-json\/wp\/v2\/comments?post=404"}],"version-history":[{"count":16,"href":"https:\/\/artmediation.art\/index.php\/wp-json\/wp\/v2\/pages\/404\/revisions"}],"predecessor-version":[{"id":1098,"href":"https:\/\/artmediation.art\/index.php\/wp-json\/wp\/v2\/pages\/404\/revisions\/1098"}],"wp:attachment":[{"href":"https:\/\/artmediation.art\/index.php\/wp-json\/wp\/v2\/media?parent=404"}],"curies":[{"name":"wp","href":"https:\/\/api.w.org\/{rel}","templated":true}]}}