{"id":336,"date":"2022-04-14T15:44:36","date_gmt":"2022-04-14T15:44:36","guid":{"rendered":"https:\/\/artmediation.art\/?page_id=336"},"modified":"2022-04-23T20:41:32","modified_gmt":"2022-04-23T20:41:32","slug":"program-konferencji-conference-programme","status":"publish","type":"page","link":"https:\/\/artmediation.art\/index.php\/program-konferencji-conference-programme\/","title":{"rendered":"PROGRAM KONFERENCJI | CONFERENCE PROGRAMME"},"content":{"rendered":"<p>[et_pb_section fb_built=&#8221;1&#8243; _builder_version=&#8221;4.17.0&#8243; _module_preset=&#8221;default&#8221; global_colors_info=&#8221;{}&#8221;][et_pb_row column_structure=&#8221;1_3,2_3&#8243; _builder_version=&#8221;4.17.0&#8243; _module_preset=&#8221;default&#8221; global_colors_info=&#8221;{}&#8221;][et_pb_column type=&#8221;1_3&#8243; _builder_version=&#8221;4.17.0&#8243; _module_preset=&#8221;default&#8221; global_colors_info=&#8221;{}&#8221;][et_pb_image src=&#8221;https:\/\/artmediation.art\/wp-content\/uploads\/2022\/04\/logo-3d-black-asp.png&#8221; title_text=&#8221;logo 3d black asp&#8221; _builder_version=&#8221;4.17.0&#8243; _module_preset=&#8221;default&#8221; global_colors_info=&#8221;{}&#8221;][\/et_pb_image][et_pb_divider color=&#8221;#00ccff&#8221; _builder_version=&#8221;4.17.0&#8243; _module_preset=&#8221;default&#8221; global_colors_info=&#8221;{}&#8221;][\/et_pb_divider][et_pb_text _builder_version=&#8221;4.17.0&#8243; _module_preset=&#8221;default&#8221; global_colors_info=&#8221;{}&#8221;]<\/p>\n<h5 class=\"et_pb_toggle_title\">PATRONAT HONOROWY | HONORARY PATRONAGE<\/h5>\n<div class=\"et_pb_toggle_content clearfix\">\n<p><strong>Jego Magnificencja<\/strong><br \/>Rektor Akademii Sztuk Pi\u0119knych im. Eugeniusza Gepperta we Wroc\u0142awiu<br \/><strong>His Magnificence<\/strong><br \/>Rector of the Eugeniusz Geppert Academy of Art and Design<\/p>\n<p><strong>prof. dr hab. | Full Professor\u00a0Wojciech PUKOCZ<\/strong><\/p>\n<p><strong><\/strong><\/p>\n<p><strong><\/strong><\/p>\n<p><strong><\/strong><\/p>\n<p><strong><\/strong><\/p>\n<\/div>\n<h5 class=\"et_pb_toggle_title\">RADA NAUKOWA | SCIENTIFIC COUNCIL<\/h5>\n<p>&nbsp;<\/p>\n<p>prof. dr hab. | Full Professor <strong>Maciej MANIKOWSKI<\/strong><\/p>\n<p>Professore | D. Sc. Eng. Arch., Associate Professor <strong>Antonino MARGAGLIOTTA<\/strong><\/p>\n<p>dr hab., prof ASP | PhD (Fine Arts) Hab., University Professor <strong>Grzegorz NIEMYJSKI<\/strong><\/p>\n<p>dr hab. in\u017c. arch., prof. PP | D. Sc. Eng. Arch., University Professor <strong>Dominika PAZDER<\/strong><\/p>\n<p>dr hab., prof ASP |PhD (Fine Arts) Hab., University Professor <strong>Micha\u0142 STASZCZAK <\/strong><\/p>\n<p>Professor titular d&#8217;Universitat | Full Professor <strong>Albert VALERA GARCIA<\/strong><\/p>\n<p>Professora agregada (SHP) | PhD (Fine Arts), Associate Professor <strong>\u00c0ngels VILADOMIU<\/strong><\/p>\n<p><strong><\/strong><\/p>\n<h5 class=\"et_pb_toggle_title\"><\/h5>\n<h5 class=\"et_pb_toggle_title\">KOMITET ORGANIZACYJNY | ORGANIZING COMMITTEE<\/h5>\n<p>&nbsp;<\/p>\n<p>dr | PhD (Fine Arts) <strong>Monika ALEKSANDROWICZ<\/strong><\/p>\n<p>dr hab. | PhD (Fine Arts) Hab. <strong>Ma\u0142gorzata KACZMARSKA<\/strong><\/p>\n<p>[\/et_pb_text][\/et_pb_column][et_pb_column type=&#8221;2_3&#8243; _builder_version=&#8221;4.17.0&#8243; _module_preset=&#8221;default&#8221; global_colors_info=&#8221;{}&#8221;][et_pb_text _builder_version=&#8221;4.17.0&#8243; _module_preset=&#8221;default&#8221; global_colors_info=&#8221;{}&#8221;]<\/p>\n<h3><span style=\"font-size: 22px;\">INTERAKCJA I KREACJA | INTERACTION AND CREATION<\/span><\/h3>\n<h2><span style=\"color: #00ccff;\"><strong>PROGRAM KONFERENCJI | CONFERENCE <span style=\"color: #00ccff;\">PROGRAMME<\/span><\/strong><\/span><\/h2>\n<p><span style=\"color: #00ccff;\"><strong><\/strong><\/span><\/p>\n<h3><strong><\/strong><\/h3>\n<h3><strong>DRUK 3D JAKO NARZE\u0328DZIE KREATYWNYCH ROZWIA\u0328ZAN\u0301<\/strong><\/h3>\n<h3><strong>W SZTUKACH WIZUALNYCH \u2013 KONTEKSTY<\/strong><\/h3>\n<h3><strong>3D PRINTING AS A TOOL FOR CREATIVE SOLUTIONS IN VISUAL ARTS \u2013 CONTEXTS<\/strong><\/h3>\n<p>&nbsp;<\/p>\n<p><span style=\"color: #00ccff;\"><strong>26 kwietnia 2022 (wtorek), 9:00\u201319:00 | 26 of April, 2022 (Tuesday), 9 a.m\u20137 p.m<\/strong><\/span><\/p>\n<p><span style=\"color: #00ccff;\"><strong>godziny wg czasu w Warszawie (UTC\/GMT + 2 godz.) | the hours are based on the Warsaw time (UTC\/GMT + 2 hours)<\/strong><\/span><\/p>\n<p><span style=\"color: #00ccff;\"><strong><\/strong><\/span><\/p>\n<p><span style=\"color: #00ccff;\"><strong><\/strong><\/span><\/p>\n<h3><strong>1. SESJA PORANNA | EARLY MORNING SESSION 9:00\u201310:10<\/strong><\/h3>\n<h4><span style=\"color: #00ccff;\"><strong>SZTUKA i TECHNOLOGIA \/ SOFTWARE | ART and <\/strong><\/span><span style=\"color: #00cbff;\"><strong>TECHNOLOGY <\/strong><\/span><span style=\"color: #00ccff;\"><strong>\/ SOFTWARE<\/strong><\/span><\/h4>\n<p>9:00\u20139:05 wprowadzenie | introduction<\/p>\n<p>moderator: dr hab. | PhD (Fine Arts) Hab. Ma\u0142gorzata KACZMARSKA<\/p>\n<p>&nbsp;<\/p>\n<p><span style=\"color: #00ccff;\"><strong>9:05\u20139:25<\/strong><\/span><\/p>\n<p><strong>Jordi Morell<\/strong><\/p>\n<p>Tenure-eligible lecturer | Tenure-eligible lecturer<\/p>\n<p>Universitat de Barcelona | University of Barcelona<\/p>\n<p><strong>MATERIA DRUKOWANA. Laboratorium w sieci | PRINTED MATTER. <\/strong><strong>Laboratory in net<\/strong><\/p>\n<p><strong><\/strong><\/p>\n<p><span style=\"color: #00ccff;\"><strong>9:25\u20139:40<\/strong><\/span><\/p>\n<p><strong>Adam ABEL<\/strong><\/p>\n<p>dr hab., prof. ASP | PhD (Fine Arts) Hab., University Professor<\/p>\n<p>Akademia Sztuk Pi\u0119knych in. Eugeniusza Gepperta we Wroc\u0142awiu | The Eugeniusz Geppert Academy of Art and Design in Wroclaw, Poland<\/p>\n<p><strong>Kreatywne kodowanie \u2013 transformacje medium | Creative coding \u2013 transformations of the medium<\/strong><\/p>\n<p><strong><\/strong><\/p>\n<p><span style=\"color: #00ccff;\"><strong>9:40\u20139:55<\/strong><\/span><\/p>\n<p><strong>Marcin NOGA<\/strong><\/p>\n<p>dr | PhD (Fine Arts)<\/p>\n<p>Uniwersytet Technologiczno-Humanistyczny im. Kazimierza Pu\u0142askiego w Radomiu | Kazimierz Pulaski University of Technology and Humanities in Radom, Poland<\/p>\n<p><strong>Transpozycja fali radiowej na obrazy cyfrowe | Radio wave transposition into digital images<\/strong><\/p>\n<p><span style=\"color: #00ccff;\"><strong>9:55\u201310:10 dyskusja | discussion<\/strong><\/span><\/p>\n<p><span style=\"color: #00ccff;\"><strong>10:10\u201310:25 przerwa | break<\/strong><\/span><\/p>\n<p><span style=\"color: #00ccff;\"><strong><\/strong><\/span><\/p>\n<p><span style=\"color: #00ccff;\"><strong><\/strong><\/span><\/p>\n<h3><strong>2. SESJA PRZEDPO\u0141UDNIOWA | MORNING SESSION 10:25\u201311:30<\/strong><\/h3>\n<h4><span style=\"color: #00ccff;\"><strong>WARSZTAT ARTYSTY 1 | ARTIST&#8217;S WORKSHOP 1<\/strong><\/span><\/h4>\n<p>10:25\u201310:30 wprowadzenie | introduction<\/p>\n<p>moderator: dr | PhD (Fine Arts) Monika ALEKSANDROWICZ<\/p>\n<p>&nbsp;<\/p>\n<p><span style=\"color: #00ccff;\"><strong>10:30\u201310:45<\/strong><\/span><\/p>\n<p><strong>Rafa\u0142 KOTWIS<\/strong><\/p>\n<p>dr hab., prof. UAP | PhD (Fine Arts) Hab., University Professor<\/p>\n<p>Uniwersytet Artystyczny im. Magdaleny Abakanowicz w Poznaniu | Magdalena Abakanowicz University of Arts in Pozna\u0144, Poland<\/p>\n<p><strong>Droga po druku. Pomie\u0328dzy przestrzenia\u0328 wirtualna\u0328 a realna\u0328, analiza problemu na podstawie w\u0142asnych dos\u0301wiadczen\u0301 PrintSettPath | Between virtual and physical reality. <\/strong><strong>Analysis of the problem based on an artist\u2019s own experience<\/strong><\/p>\n<p><strong><\/strong><\/p>\n<p><span style=\"color: #00ccff;\"><strong>10:45\u201311:00<\/strong><\/span><\/p>\n<p><strong>Piotr IDZI<\/strong><\/p>\n<p>dr | PhD (Fine Arts)<\/p>\n<p>Akademia Sztuk Pi\u0119knych im. Jana Matejki w Krakowie | Jan Matejko Academy of Fine Arts in Krakow, Poland<\/p>\n<p><strong>Perspektywa tw\u00f3rcy w kontek\u015bcie rze\u017aby cyfrowej | The creator&#8217;s perspective in the context of digital sculpture<\/strong><\/p>\n<p>&nbsp;<\/p>\n<p><span style=\"color: #00ccff;\"><strong>11:00\u201311:15<\/strong><\/span><\/p>\n<p><strong>Katarzyna GEMBORYS, \u0141ukasz SZATANEK<\/strong><\/p>\n<p>dr | PhD (Fine Arts), dr inz\u0307. arch. | D. Sc. Eng. Arch.<\/p>\n<p>Akademia Sztuk Pi\u0119knych in. Eugeniusza Gepperta we Wroc\u0142awiu | The Eugeniusz Geppert Academy of Art and Design in Wroclaw, Poland<\/p>\n<p>Pan\u0301stwowa Uczelnia Angelusa Silesiusa w Wa\u0142brzychu | Angelus Silesius State University in Wa\u0142brzych, Poland<\/p>\n<p><strong>Dzia\u0142ania multimedialne \u2013 po\u0142a\u0328czenie szk\u0142a formowanego re\u0328cznie na palniku gazowym z drukiem 3D | Multimedia activities \u2013 a combination of hand-formed glass on a gas burner with 3D printing<\/strong><\/p>\n<p><strong><\/strong><\/p>\n<p><span style=\"color: #00ccff;\"><strong>11:15\u201311:30 dyskusja | discussion<\/strong><\/span><\/p>\n<p><span style=\"color: #00ccff;\"><strong>11:30\u201311:45 przerwa | break<\/strong><\/span><\/p>\n<p><span style=\"color: #00ccff;\"><strong><\/strong><\/span><\/p>\n<p><span style=\"color: #00ccff;\"><strong><\/strong><\/span><\/p>\n<h3><strong>3. SESJA PO\u0141UDNIOWA | MIDDAY SESSION 11:45\u201313:20<\/strong><\/h3>\n<h4><span style=\"color: #00ccff;\"><strong>3D i ARCHITEKTURA | 3D and ARCHITECTURE<\/strong><\/span><\/h4>\n<p>11:45\u201311:50 wprowadzenie | introduction<\/p>\n<p>moderator: dr hab. | PhD (Fine Arts) Hab. Ma\u0142gorzata KACZMARSKA<\/p>\n<p>&nbsp;<\/p>\n<p><span style=\"color: #00ccff;\"><strong>11:50\u201312:05<\/strong><\/span><\/p>\n<p><strong>Francesco DI PAOLA<\/strong><\/p>\n<p>Professore associato | PhD, Associate Professor<\/p>\n<p>Universita\u0300 degli Studi di Palermo | University of Palermo, Italy<\/p>\n<p><strong>Modelowanie algorytmiczno-generatywne i druk 3D do po\u0142\u0105cze\u0144 w konstrukcjach bambusowych | Algorithmic-generative modeling and 3D printing for connection joints in bamboo structures<\/strong><\/p>\n<p><strong><\/strong><\/p>\n<p><span style=\"color: #00ccff;\"><strong>12:05\u201312:20<\/strong><\/span><\/p>\n<p><strong>\u0141ukasz SZATANEK<\/strong><\/p>\n<p>dr inz\u0307. arch. | D. Sc. Eng. Arch.<\/p>\n<p>Pan\u0301stwowa Uczelnia Angelusa Silesiusa w Wa\u0142brzychu | Angelus Silesius State University in Wa\u0142brzych, Poland<\/p>\n<p><strong>Druk 3d w architekturze i nauczaniu | 3D printing in architecture and teaching<\/strong><\/p>\n<p><strong><\/strong><\/p>\n<p><span style=\"color: #00ccff;\"><strong>12:20\u201312:35<\/strong><\/span><\/p>\n<p><strong>Aleksandra KU\u015aMIERSKA<\/strong><\/p>\n<p>mgr inz\u0307. arch. | MSc. Eng. Arch.<\/p>\n<p>Polska | Poland<\/p>\n<p><strong>Wykorzystanie druku 3D w budowie modeli architektonicznych | The use of 3D printing in the construction of architectural models<\/strong><\/p>\n<p><strong><\/strong><\/p>\n<p><span style=\"color: #00ccff;\"><strong>12:35\u201312:50<\/strong><\/span><\/p>\n<p><strong>Pawe\u0142 OZGA<\/strong><\/p>\n<p>Akademia Sztuk Pi\u0119knych im. Jana Matejki w Krakowie | Jan Matejko Academy of Fine Arts in Krakow, Poland<\/p>\n<p>Uniwersytet Jagiello\u0144ski, Collegium Medicum | Jagiellonian University, Collegium Medicum<\/p>\n<p><strong>Voxel printing \u2013 wykorzystanie druku 3D w oparciu o technologi\u0119 &#8220;voxel printing&#8221; do uzupe\u0142nienia warto\u015bci diagnostycznych obrazowani medycznego w oparciu o badanie tensora dyfuzji wody | Voxel printing &#8211; The use of 3D printing based on the &#8220;voxel printing&#8221; technology to supplement the diagnostic values of medical imaging based on the examination of the water diffusion tensor<\/strong><\/p>\n<p><strong><\/strong><\/p>\n<p><span style=\"color: #00ccff;\"><strong>12:50\u201313:05<\/strong><\/span><\/p>\n<p><strong>Fania KOLAITI<\/strong><\/p>\n<p>artysta | artist<\/p>\n<p>Grecja | Greece<\/p>\n<p><strong>Badanie dotycz\u0105ce ceramicznych element\u00f3w architektonicznych jako nowych obiekt\u00f3w w zr\u00f3wnowa\u017conym projektowaniu i odbudowie ekosystemu | A study on ceramic architectural components as emerging objects in sustainable design and ecosystem restoration<\/strong><\/p>\n<p><strong><\/strong><\/p>\n<p><span style=\"color: #00ccff;\"><strong>13:05\u201313:20 dyskusja | discussion<\/strong><\/span><\/p>\n<p><span style=\"color: #00ccff;\"><strong>13:20\u201314:15 przerwa obiadowa | lunch break<\/strong><\/span><\/p>\n<p><span style=\"color: #00ccff;\"><strong><\/strong><\/span><\/p>\n<h3><strong>4. SESJA POPO\u0141UDNIOWA | AFTERNOON SESSION 14:15\u201315:25<\/strong><\/h3>\n<h4><span style=\"color: #00ccff;\"><strong>SZTUKA \/ NAUKA \/ EKOLOGIA | ART \/ SCIENCE \/ ECOLOGY<\/strong><\/span><\/h4>\n<p>14:15\u201314:20 wprowadzenie | introduction<\/p>\n<p>moderator: dr hab. | PhD (Fine Arts) Hab. Ma\u0142gorzata KACZMARSKA<\/p>\n<p>&nbsp;<\/p>\n<p><span style=\"color: #00ccff;\"><strong>14:20\u201314:35<\/strong><\/span><\/p>\n<p><strong>Rosangella LEOTE<\/strong><\/p>\n<p>P\u00f3s-doutorada em Media Art; Doutora em Ci\u00eancias da Comunica\u00e7\u00e3o | Post-doctorate in Media Art, PhD in Communication Sciences<\/p>\n<p>Universidade Estadual Paulista &#8220;J\u00falio de Mesquita Filho&#8221; (UNESP) | S\u00e3o Paulo State University &#8220;Julio de Mesquita Filho&#8221; (UNESP), Brazil<\/p>\n<p><strong>Sztuka i zr\u00f3wnowa\u017cony rozw\u00f3j w druku 3D | Art and Sustainability in 3D Printing<\/strong><\/p>\n<p><strong><\/strong><\/p>\n<p><span style=\"color: #00ccff;\"><strong>14:35\u201314:50<\/strong><\/span><\/p>\n<p><strong>Thomas SCHMIDT<\/strong><\/p>\n<p>Associate Professor | Associate Professor<\/p>\n<p>University of North Carolina at Charlotte | University of North Carolina at Charlotte, USA<\/p>\n<p><strong>Narz\u0119dzia cyfrowe w postcyfrowym krajobrazie | Digital Tools in a Postdigital Landscape<\/strong><\/p>\n<p><strong><\/strong><\/p>\n<p><span style=\"color: #00ccff;\"><strong>14:50\u201315:10<\/strong><\/span><\/p>\n<p><strong>Daniel DULIAN<\/strong><\/p>\n<p>Medical Account Manager, CadXpert | Systemy Druku 3D<\/p>\n<p><strong>Druk 3D w sztuce, modzie i designie | 3D Printing in Art, Fashion and Design<\/strong><\/p>\n<p>&nbsp;<\/p>\n<p><span style=\"color: #00ccff;\"><strong>15:10\u201315:25 dyskusja | discussion<\/strong><\/span><\/p>\n<p><span style=\"color: #00ccff;\"><strong>15:25\u201315:40 przerwa | break<\/strong><\/span><\/p>\n<p>&nbsp;<\/p>\n<h3><strong>5. SESJA POPO\u0141UDNIOWA DRUGA | SECOND AFTERNOON SESSION 15:40\u201316:50<\/strong><\/h3>\n<h4><span style=\"color: #00ccff;\"><strong>FILOZOFIA, RYNEK SZTUKI | PHILOSOPHY, ART MARKET<\/strong><\/span><\/h4>\n<p>15:40\u2013 15:45 wprowadzenie | introduction<\/p>\n<p>moderator: dr | PhD (Fine Arts) Monika ALEKSANDROWICZ<\/p>\n<p>&nbsp;<\/p>\n<p><span style=\"color: #00ccff;\"><strong>15:45\u201316:00<\/strong><\/span><\/p>\n<p><strong>Zbigniew W\u0142adys\u0142aw SOLSKI, Rafa\u0142 Piotr SOLSKI<\/strong><\/p>\n<p>dr hab. nauk humanistycznych | PhD Hab. (Humanities)<\/p>\n<p>Polska | Poland<\/p>\n<p><strong>3 D. \u201eTo ju\u017c by\u0142o\u201d | 3 D. \u201cIt was already\u201d<\/strong><\/p>\n<p><strong><\/strong><\/p>\n<p><span style=\"color: #00ccff;\"><strong>16:00\u201316:15<\/strong><\/span><\/p>\n<p><strong>Jacek ROMA\u0143SKI<\/strong><\/p>\n<p>dr | PhD (Philosophy)<\/p>\n<p>Polska | Poland<\/p>\n<p><strong>Drukuj\u0105c idee, drukuj\u0105c przedmioty \u2013 ontologiczna analiza dzie\u0142 sztuki stworzonych z wykorzystaniem wydruku 3D | Printing ideas, printing objects &#8211; an ontological analysis of artworks created with 3D printing<\/strong><\/p>\n<p><strong><\/strong><\/p>\n<p><span style=\"color: #00ccff;\"><strong>16:15\u201316:35<\/strong><\/span><\/p>\n<p><strong>Anna BYWANIS<\/strong><\/p>\n<p>ARTEI\u0308A<\/p>\n<p><strong>To\u017csamo\u015b\u0107 cyfrowa i NFT dla dzie\u0142a sztuki | Digital Identity and NFT for a Physical Artwork<\/strong><\/p>\n<p><strong><\/strong><\/p>\n<p><span style=\"color: #00ccff;\"><strong>16:35\u201316:50 dyskusja | discussion<\/strong><\/span><\/p>\n<p><span style=\"color: #00ccff;\"><strong>16:50\u201317:05 przerwa | break<\/strong><\/span><\/p>\n<p><span style=\"color: #00ccff;\"><strong><\/strong><\/span><\/p>\n<h3><strong>6. SESJA WIECZORNA | EVENING SESSION 17:05\u201319:00<\/strong><\/h3>\n<h4><span style=\"color: #00ccff;\"><strong>WARSZTAT ARTYSTY 2 | ARTIST&#8217;S WORKSHOP 2<\/strong><\/span><\/h4>\n<p>17:05\u201317:10 wprowadzenie | introduction<\/p>\n<p>dr | PhD (Fine Arts) Monika ALEKSANDROWICZ<\/p>\n<p>dr hab. | PhD (Fine Arts) Hab. Ma\u0142gorzata KACZMARSKA<\/p>\n<p><strong><\/strong><\/p>\n<p><span style=\"color: #00ccff;\"><strong>17:10\u201317:30<\/strong><\/span><\/p>\n<p><strong>Janusz W\u00d3JCIK<\/strong><\/p>\n<p>3dArtech<\/p>\n<p><strong>SkribiArt. Nowe technologie dla sztuki | SkribiArt. <\/strong><strong>New technologies for art<\/strong><\/p>\n<p><strong><\/strong><\/p>\n<p><span style=\"color: #00ccff;\"><strong>17:30\u201317:45<\/strong><\/span><\/p>\n<p><strong>Monika ALEKSANDROWICZ<\/strong><\/p>\n<p>dr | PhD (Fine Arts)<\/p>\n<p>Akademia Sztuk Pi\u0119knych in. Eugeniusza Gepperta we Wroc\u0142awiu | The Eugeniusz Geppert Academy of Art and Design in Wroclaw, Poland<\/p>\n<p><strong>Technologia w procesie kszta\u0142towania kompetencji | Technology in the process of shaping competences<\/strong><\/p>\n<p><strong><\/strong><\/p>\n<p><span style=\"color: #00ccff;\"><strong>17:45\u201318:00<\/strong><\/span><\/p>\n<p><strong>Ma\u0142gorzata KACZMARSKA<\/strong><\/p>\n<p>dr hab. | PhD (Fine Arts) Hab.<\/p>\n<p>Akademia Sztuk Pi\u0119knych in. Eugeniusza Gepperta we Wroc\u0142awiu | The Eugeniusz Geppert Academy of Art and Design in Wroclaw, Poland<\/p>\n<p><strong>Narz\u0119dzia cyfrowe a proces badawczy w praktyce artystycznej | Digital tools and the research process in artistic practice<\/strong><\/p>\n<p><strong><\/strong><\/p>\n<p><span style=\"color: #00ccff;\"><strong>18:00\u201318:20<\/strong><\/span><\/p>\n<p><strong>Tomasz ILNICKI<\/strong><\/p>\n<p>Dolno\u015bl\u0105ski Inkubator Druku 3D we Wroc\u0142awiu | Lower Silesian 3D Printing Incubator in Wroc\u0142aw, Poland<\/p>\n<p><strong>Inkubator Druku 3D we Wroc\u0142awiu \u2013 cele inwestycji i realizacja | 3D Printing Incubator in Wroc\u0142aw \u2013 investment objectives and implementation<\/strong><\/p>\n<p>&nbsp;<\/p>\n<p><span style=\"color: #00ccff;\"><strong>18:20\u201318:35 dyskusja | discussion<\/strong><\/span><\/p>\n<p><span style=\"color: #00ccff;\"><strong>18:35\u201319:00 podsumowanie i zako\u0144czenie konferencji | summary and end of the conference<\/strong><\/span><\/p>\n<p>[\/et_pb_text][\/et_pb_column][\/et_pb_row][\/et_pb_section]<\/p>\n","protected":false},"excerpt":{"rendered":"<p>PATRONAT HONOROWY | HONORARY PATRONAGE Jego MagnificencjaRektor Akademii Sztuk Pi\u0119knych im. Eugeniusza Gepperta we Wroc\u0142awiuHis MagnificenceRector of the Eugeniusz Geppert Academy of Art and Design prof. dr hab. | Full Professor\u00a0Wojciech PUKOCZ RADA NAUKOWA | SCIENTIFIC COUNCIL &nbsp; prof. dr hab. | Full Professor Maciej MANIKOWSKI Professore | D. Sc. Eng. Arch., Associate Professor Antonino [&hellip;]<\/p>\n","protected":false},"author":1,"featured_media":0,"parent":0,"menu_order":0,"comment_status":"closed","ping_status":"closed","template":"","meta":{"_et_pb_use_builder":"on","_et_pb_old_content":"","_et_gb_content_width":"","footnotes":""},"class_list":["post-336","page","type-page","status-publish","hentry"],"_links":{"self":[{"href":"https:\/\/artmediation.art\/index.php\/wp-json\/wp\/v2\/pages\/336","targetHints":{"allow":["GET"]}}],"collection":[{"href":"https:\/\/artmediation.art\/index.php\/wp-json\/wp\/v2\/pages"}],"about":[{"href":"https:\/\/artmediation.art\/index.php\/wp-json\/wp\/v2\/types\/page"}],"author":[{"embeddable":true,"href":"https:\/\/artmediation.art\/index.php\/wp-json\/wp\/v2\/users\/1"}],"replies":[{"embeddable":true,"href":"https:\/\/artmediation.art\/index.php\/wp-json\/wp\/v2\/comments?post=336"}],"version-history":[{"count":42,"href":"https:\/\/artmediation.art\/index.php\/wp-json\/wp\/v2\/pages\/336\/revisions"}],"predecessor-version":[{"id":684,"href":"https:\/\/artmediation.art\/index.php\/wp-json\/wp\/v2\/pages\/336\/revisions\/684"}],"wp:attachment":[{"href":"https:\/\/artmediation.art\/index.php\/wp-json\/wp\/v2\/media?parent=336"}],"curies":[{"name":"wp","href":"https:\/\/api.w.org\/{rel}","templated":true}]}}