{"id":304,"date":"2022-04-14T14:27:21","date_gmt":"2022-04-14T14:27:21","guid":{"rendered":"https:\/\/artmediation.art\/?page_id=304"},"modified":"2022-04-14T14:27:21","modified_gmt":"2022-04-14T14:27:21","slug":"daniel-dulian","status":"publish","type":"page","link":"https:\/\/artmediation.art\/index.php\/daniel-dulian\/","title":{"rendered":"Daniel DULIAN"},"content":{"rendered":"<p>[et_pb_section fb_built=&#8221;1&#8243; _builder_version=&#8221;4.17.0&#8243; _module_preset=&#8221;default&#8221; global_colors_info=&#8221;{}&#8221; theme_builder_area=&#8221;post_content&#8221;][et_pb_row column_structure=&#8221;2_5,3_5&#8243; _builder_version=&#8221;4.17.0&#8243; _module_preset=&#8221;default&#8221; global_colors_info=&#8221;{}&#8221; theme_builder_area=&#8221;post_content&#8221;][et_pb_column type=&#8221;2_5&#8243; _builder_version=&#8221;4.17.0&#8243; _module_preset=&#8221;default&#8221; global_colors_info=&#8221;{}&#8221; theme_builder_area=&#8221;post_content&#8221;][et_pb_gallery gallery_ids=&#8221;306,307,308,309,310&#8243; fullwidth=&#8221;on&#8221; _builder_version=&#8221;4.17.0&#8243; _module_preset=&#8221;default&#8221; hover_enabled=&#8221;0&#8243; global_colors_info=&#8221;{}&#8221; theme_builder_area=&#8221;post_content&#8221; sticky_enabled=&#8221;0&#8243;][\/et_pb_gallery][\/et_pb_column][et_pb_column type=&#8221;3_5&#8243; _builder_version=&#8221;4.17.0&#8243; _module_preset=&#8221;default&#8221; global_colors_info=&#8221;{}&#8221; theme_builder_area=&#8221;post_content&#8221;][et_pb_text _builder_version=&#8221;4.17.0&#8243; _module_preset=&#8221;default&#8221; hover_enabled=&#8221;0&#8243; global_colors_info=&#8221;{}&#8221; theme_builder_area=&#8221;post_content&#8221; sticky_enabled=&#8221;0&#8243;]<\/p>\n<h2>Daniel DULIAN<\/h2>\n<p>Medical Account Manager, CadXpert | Systemy Druku 3D<\/p>\n<h4><\/h4>\n<h4><strong>Druk 3D w sztuce, modzie i designie | 3D Printing in Art, Fashion and Design<\/strong><\/h4>\n<p>&nbsp;<\/p>\n<p>[\/et_pb_text][et_pb_accordion _builder_version=&#8221;4.17.0&#8243; _module_preset=&#8221;default&#8221; hover_enabled=&#8221;0&#8243; global_colors_info=&#8221;{}&#8221; theme_builder_area=&#8221;post_content&#8221; sticky_enabled=&#8221;0&#8243;][et_pb_accordion_item title=&#8221;BIO&#8221; open=&#8221;on&#8221; _builder_version=&#8221;4.17.0&#8243; _module_preset=&#8221;default&#8221; hover_enabled=&#8221;0&#8243; global_colors_info=&#8221;{}&#8221; theme_builder_area=&#8221;post_content&#8221; sticky_enabled=&#8221;0&#8243;]<\/p>\n<p style=\"text-align: justify;\"><strong>[PL]\u00a0<\/strong>Daniel Dulian uko\u0144czy\u0142 studia magisterskie na kierunku \u201eWirtualizacja proces\u00f3w technologicznych\u201d na Akademii G\u00f3rniczo-Hutniczej w Krakowie. Od wielu lat zawodowo i prywatnie zwi\u0105zany z bran\u017c\u0105 medyczn\u0105. Swoje zami\u0142owanie do wirtualnych technologii przenosi w \u015bwiat in\u017cynierii oraz nowoczesnej stomatologii. Specjalizuje si\u0119 w technologii PolyJet system\u00f3w Stratasys.<\/p>\n<p style=\"text-align: justify;\"><strong>CadXpert <\/strong>od blisko 10 lat dostarcza drukarki 3D dla biznesu, przemys\u0142u i edukacji od czo\u0142owych \u015bwiatowych producent\u00f3w. CadXpert to autoryzowany dystrybutor marki Stratasys oraz wy\u0142\u0105czny dystrybutor firm MakerBot i Formlabs na terenie Polski.<\/p>\n<p style=\"text-align: justify;\">Firma \u015bwiadczy r\u00f3wnie\u017c us\u0142ugi drukowania 3D w a\u017c 5 r\u00f3\u017cnych technologiach przyrostowych: PolyJet, FDM, SLA, SLS, DMLS (druk 3D z metalu) z ponad 60 materia\u0142\u00f3w. Asortyment dope\u0142niaj\u0105 skanery 3D oraz us\u0142ugi skanowania 3D i in\u017cynierii odwrotnej. CadXpert specjalizuje si\u0119 we wdra\u017caniu technologii druku 3D do firm z r\u00f3\u017cnych ga\u0142\u0119zi przemys\u0142u (m.in. motoryzacja, lotnictwo, kolejnictwo, odlewnictwo, obr\u00f3bka CNC, formowanie wtryskowe, produkcja, przemys\u0142 spo\u017cywczy), a tak\u017ce dla edukacji, medycyny i stomatologii.<\/p>\n<p style=\"text-align: justify;\"><strong>[ENG]\u00a0<\/strong>Daniel Dulian completed a master&#8217;s degree in \u201cVirtualization of technological processes\u201d at the AGH University of Science and Technology in Krakow. For many years, professionally and privately associated with the medical industry. He transfers his passion for virtual technologies to the world of engineering and modern dentistry. He specializes in the PolyJet technology of Stratasys systems.<\/p>\n<p style=\"text-align: justify;\"><strong>CadXpert<\/strong> has been providing 3D printers for business, industry and education from the world&#8217;s leading manufacturers for nearly 10 years. CadXpert is an authorized distributor of the Stratasys brand and the exclusive distributor of MakerBot and Formlabs in Poland.<\/p>\n<p style=\"text-align: justify;\">The company also provides 3D printing services in as many as 5 different additive technologies: PolyJet, FDM, SLA, SLS, DMLS (3D metal printing) from over 60 materials. The range is completed by 3D scanners as well as 3D scanning and reverse engineering services. CadXpert specializes in the implementation of 3D printing technology for companies from various industries (including automotive, aviation, railway, foundry, CNC machining, injection molding, production, food industry), as well as for education, medicine and dentistry.<\/p>\n<p>[\/et_pb_accordion_item][et_pb_accordion_item title=&#8221;Abstrakt&#8221; _builder_version=&#8221;4.17.0&#8243; _module_preset=&#8221;default&#8221; hover_enabled=&#8221;0&#8243; global_colors_info=&#8221;{}&#8221; theme_builder_area=&#8221;post_content&#8221; open=&#8221;off&#8221; sticky_enabled=&#8221;0&#8243;]<\/p>\n<p style=\"text-align: justify;\"><strong>[PL]\u00a0<\/strong>Druk 3D oferuje projektantom, artystom i producentom mo\u017cliwo\u015b\u0107 nieograniczonego wyra\u017cania swoich pomys\u0142\u00f3w i projektowania z pe\u0142n\u0105 swobod\u0105 kszta\u0142tu, fizyczno\u015bci materia\u0142u, skali, kolor\u00f3w i przezroczysto\u015bci. Umo\u017cliwiaj\u0105c im realizacj\u0119 z\u0142o\u017conych koncepcji i inteligentnych geometrii w jednym wydruku, otwieraj\u0105c nowe mo\u017cliwo\u015bci, kt\u00f3re wcze\u015bniej by\u0142y nieosi\u0105galne przy u\u017cyciu tradycyjnych metod projektowania. Zdolno\u015b\u0107 ta stanowi idealny katalizator dla coraz szerszej adopcji tej technologii w wielu bran\u017cach.<\/p>\n<p style=\"text-align: justify;\">Pomost mi\u0119dzy innowacj\u0105 a kreacj\u0105 oferuje nie tylko post\u0119p technologiczny, ale tak\u017ce rozw\u00f3j filozoficzny i kulturowy. Wyniki tej wsp\u00f3\u0142pracy s\u0105 prezentowane w cenionych o\u015brodkach kultury, muzeach i publikacjach na ca\u0142ym \u015bwiecie, kontynuuj\u0105c edukacj\u0119 i badanie relacji mi\u0119dzy technologi\u0105 a przemys\u0142em kreatywnym. Budz\u0105ca ciekawo\u015b\u0107 u naszych obecnych i przysz\u0142ych partner\u00f3w.<\/p>\n<p style=\"text-align: justify;\">Stratasys jest \u015bwiatowym liderem w zakresie rozwi\u0105za\u0144 technologii przyrostowych dla bran\u017c takich jak lotnictwo, motoryzacja, opieka zdrowotna, produkty konsumenckie i edukacja. Nasz\u0105 motywacj\u0105 jest stawianie wyzwa\u0144 przysz\u0142o\u015bci tych filar\u00f3w biznesowych oraz zaanga\u017cowanie naszej technologii. Od prawie 30 lat g\u0142\u0119boka i ci\u0105g\u0142a koncentracja na wymaganiach biznesowych klient\u00f3w nap\u0119dza celowe innowacje \u2014 do tej pory 1200 przyznanych i zg\u0142oszonych patent\u00f3w dotycz\u0105cych technologii addytywnej \u2014 kt\u00f3re tworz\u0105 now\u0105 warto\u015b\u0107 w procesach cyklu \u017cycia produktu, od prototyp\u00f3w projektowych po narz\u0119dzia produkcyjne i ko\u0144cowe cz\u0119\u015bci produkcyjne. Ekosystem rozwi\u0105za\u0144 i wiedzy specjalistycznej do druku 3D Stratasys \u2014 zaawansowane materia\u0142y; oprogramowanie z kontrol\u0105 poziomu wokseli; precyzyjne, powtarzalne i niezawodne drukarki 3D FDM i PolyJet; us\u0142ugi eksperckie oparte na aplikacjach; cz\u0119\u015bci na \u017c\u0105danie i partnerstwa definiuj\u0105ce bran\u017c\u0119 \u2014 zapewniaj\u0105 bezproblemow\u0105 integracj\u0119 z ewoluuj\u0105cym przep\u0142ywem pracy ka\u017cdego klienta.<\/p>\n<p style=\"text-align: justify;\"><strong>[ENG]\u00a0<\/strong>Stratasys 3D printing offers designers, artists and manufacturers the ability to express their ideas without limitation and to design with complete freedom of shape, material physicality, scale, colors and transparency. Enabling them to realize complex concepts and smart geometries all in one print, opening up new possibilities which were previously unattainable with traditional design methods. This capability provides the ideal catalyst for the technology\u2019s expanding adoption across multiple industries today.<\/p>\n<p style=\"text-align: justify;\">The bridge between innovation and creation not only offers a technological advancement, but also philosophical and cultural growth. The results of these collaborations are displayed at highly-valued cultural centers, museums and publications around the world, continuing the education and exploration of the relationship between technology and the creative industry. Inspiring curiosity in our current and future partners.<\/p>\n<p style=\"text-align: justify;\">Stratasys is a global leader in additive technology solutions for industries such as Aerospace, Automotive, Healthcare, Consumer Products and Education. Challenging the future of these business pillars and the involvement of our technology is our drive. For nearly 30 years, a deep and ongoing focus on customers\u2019 business requirements has fueled purposeful innovations\u20141,200 granted and pending additive technology patents to date\u2014that create new value across product lifecycle processes, from design prototypes to manufacturing tools and final production parts. The Stratasys 3D printing ecosystem of solutions and expertise\u2014advanced materials; software with voxel level control; precise, repeatable and reliable FDM and PolyJet 3D printers; application-based expert services; on-demand parts and industry-defining partnerships\u2014works to ensure seamless integration into each customer\u2019s evolving workflow. Fulfilling the real-world potential of additive, Stratasys delivers breakthrough industry-specific applications that accelerate business processes, optimize value chains and drive business performance improvements for thousands of future-ready leaders.<\/p>\n<p>[\/et_pb_accordion_item][\/et_pb_accordion][\/et_pb_column][\/et_pb_row][\/et_pb_section]<\/p>\n","protected":false},"excerpt":{"rendered":"<p>Daniel DULIAN Medical Account Manager, CadXpert | Systemy Druku 3D Druk 3D w sztuce, modzie i designie | 3D Printing in Art, Fashion and Design &nbsp;[PL]\u00a0Daniel Dulian uko\u0144czy\u0142 studia magisterskie na kierunku \u201eWirtualizacja proces\u00f3w technologicznych\u201d na Akademii G\u00f3rniczo-Hutniczej w Krakowie. Od wielu lat zawodowo i prywatnie zwi\u0105zany z bran\u017c\u0105 medyczn\u0105. Swoje zami\u0142owanie do wirtualnych technologii [&hellip;]<\/p>\n","protected":false},"author":1,"featured_media":0,"parent":0,"menu_order":0,"comment_status":"closed","ping_status":"closed","template":"","meta":{"_et_pb_use_builder":"on","_et_pb_old_content":"","_et_gb_content_width":"","footnotes":""},"class_list":["post-304","page","type-page","status-publish","hentry"],"_links":{"self":[{"href":"https:\/\/artmediation.art\/index.php\/wp-json\/wp\/v2\/pages\/304","targetHints":{"allow":["GET"]}}],"collection":[{"href":"https:\/\/artmediation.art\/index.php\/wp-json\/wp\/v2\/pages"}],"about":[{"href":"https:\/\/artmediation.art\/index.php\/wp-json\/wp\/v2\/types\/page"}],"author":[{"embeddable":true,"href":"https:\/\/artmediation.art\/index.php\/wp-json\/wp\/v2\/users\/1"}],"replies":[{"embeddable":true,"href":"https:\/\/artmediation.art\/index.php\/wp-json\/wp\/v2\/comments?post=304"}],"version-history":[{"count":2,"href":"https:\/\/artmediation.art\/index.php\/wp-json\/wp\/v2\/pages\/304\/revisions"}],"predecessor-version":[{"id":311,"href":"https:\/\/artmediation.art\/index.php\/wp-json\/wp\/v2\/pages\/304\/revisions\/311"}],"wp:attachment":[{"href":"https:\/\/artmediation.art\/index.php\/wp-json\/wp\/v2\/media?parent=304"}],"curies":[{"name":"wp","href":"https:\/\/api.w.org\/{rel}","templated":true}]}}