{"id":187,"date":"2022-04-14T09:33:00","date_gmt":"2022-04-14T09:33:00","guid":{"rendered":"https:\/\/artmediation.art\/?page_id=187"},"modified":"2022-04-22T12:26:26","modified_gmt":"2022-04-22T12:26:26","slug":"fania-kolaiti","status":"publish","type":"page","link":"https:\/\/artmediation.art\/index.php\/fania-kolaiti\/","title":{"rendered":"Fania KOLAITI"},"content":{"rendered":"<p>[et_pb_section fb_built=&#8221;1&#8243; _builder_version=&#8221;4.17.0&#8243; _module_preset=&#8221;default&#8221; global_colors_info=&#8221;{}&#8221;][et_pb_row column_structure=&#8221;2_5,3_5&#8243; _builder_version=&#8221;4.17.0&#8243; _module_preset=&#8221;default&#8221; global_colors_info=&#8221;{}&#8221;][et_pb_column type=&#8221;2_5&#8243; _builder_version=&#8221;4.17.0&#8243; _module_preset=&#8221;default&#8221; global_colors_info=&#8221;{}&#8221;][et_pb_gallery gallery_ids=&#8221;190,191,192,193,194,195,196,197,198,199,200,201,202&#8243; fullwidth=&#8221;on&#8221; _builder_version=&#8221;4.17.0&#8243; _module_preset=&#8221;default&#8221; global_colors_info=&#8221;{}&#8221;][\/et_pb_gallery][\/et_pb_column][et_pb_column type=&#8221;3_5&#8243; _builder_version=&#8221;4.17.0&#8243; _module_preset=&#8221;default&#8221; global_colors_info=&#8221;{}&#8221;][et_pb_text _builder_version=&#8221;4.17.0&#8243; _module_preset=&#8221;default&#8221; global_colors_info=&#8221;{}&#8221;]<\/p>\n<h2>Fania KOLAITI<\/h2>\n<p>artysta | artist<br \/><strong>Grecja | Greece<\/strong><\/p>\n<h4><\/h4>\n<h4><strong>Badanie dotycz\u0105ce ceramicznych element\u00f3w architektonicznych jako nowych obiekt\u00f3w w zr\u00f3wnowa\u017conym projektowaniu i odbudowie ekosystemu | A study on ceramic architectural components as emerging objects in sustainable design and ecosystem restoration<\/strong><\/h4>\n<p>&nbsp;<\/p>\n<p>[\/et_pb_text][et_pb_accordion _builder_version=&#8221;4.17.0&#8243; _module_preset=&#8221;default&#8221; hover_enabled=&#8221;0&#8243; global_colors_info=&#8221;{}&#8221; sticky_enabled=&#8221;0&#8243;][et_pb_accordion_item title=&#8221;BIO&#8221; _builder_version=&#8221;4.17.0&#8243; _module_preset=&#8221;default&#8221; global_colors_info=&#8221;{}&#8221; open=&#8221;on&#8221;]<\/p>\n<p style=\"text-align: justify;\"><strong>[PL]\u00a0<\/strong>Fania Kolaiti. Jestem artyst\u0105 interdyscyplinarnym. Obecnie pracuj\u0119 z glin\u0105 i projektuj\u0119 przedmioty u\u017cytkowe, nowatorskie i artystyczne. Posiadam do\u015bwiadczenie w wypalaniu ceramiki eksperymentalnej i interesuje mnie \u0142\u0105czenie tradycji z futurystyczn\u0105 ide\u0105 projektowania ceramiki. Obecnie zg\u0142\u0119biam obszary sztuki cyfrowej i zastosowa\u0144 w druku 3D. Moja tw\u00f3rczo\u015b\u0107 uj\u0119ta jest w estetyk\u0119 akceleracjonizmu z tre\u015bci\u0105 nawi\u0105zuj\u0105c\u0105 do futurystycznego projektowania krytycznego, kt\u00f3re komentuje istnienie w czasach dystopijnych. Tworz\u0119 obiekty hybrydowe, kt\u00f3re cechuje p\u0142ynno\u015b\u0107 pomi\u0119dzy warto\u015bciami artystycznymi i u\u017cytkowymi. Inspiracj\u0119 czerpi\u0119 z przysz\u0142ych scenariuszy posthumanizmu, bioetyki, form organicznych, antycia\u0142 i pa\u0144stwa poza kapitalizmem. Mam trzyletnie do\u015bwiadczenie zawodowe jako pedagog sztuki w greckich szko\u0142ach publicznych. Mam do\u015bwiadczenie w pracy jako scenograf i projektant kostium\u00f3w przy produkcji filmowej.<\/p>\n<p style=\"text-align: justify;\">Obecnie jestem studentem studi\u00f3w magisterskich w Akademii Sztuk Pi\u0119knych im. Eugeniusza Gepperta we Wroc\u0142awiu.\u00a0<br \/>(2019-2020) Studiowa\u0142am projektowanie ceramiki i ceramik\u0119 w Szkole Ceramiki i Ceramiki w Nikaia w Grecji.<br \/>(2019-2020) Uzyska\u0142em certyfikat Art Therapy po rocznych kursach specjalizacyjnych na Uniwersytecie Aegean w Grecji.<br \/>(2019) Studiowa\u0142em scenografi\u0119 i kostiumy na Uniwersytecie Kapodistrian w Atenach w Grecji.<br \/>(2008-2014) Studiowa\u0142am Sztuki Pi\u0119kne (licencjat) ze specjalizacj\u0105 Grafika i Rze\u017aba w Szkole Sztuk Pi\u0119knych Uniwersytetu Ioannina w Grecji.<br \/>Uczestniczy\u0142am w wielu wystawach zbiorowych, targach i festiwalach sztuki w Atenach, Berlinie oraz Pary\u017cu i Wroc\u0142awiu.<\/p>\n<p style=\"text-align: justify;\"><strong>[ENG]\u00a0<\/strong>I am interdisciplinary artist. I currently work with clay and I design functional, emerging and artistic objects. I have experience in experimental ceramic firings and I am interested in merging the traditional with the futuristic idea of ceramic design. Currently, I am exploring the areas of digital art and 3D printed applications. My work is framed by accelerationist aesthetics with a content referring to futuristic critical design that comments the existence during dystopian times. I create hybrid objects which are characterized by fluidity between artistic and functional values. My inspiration lays in futural scenarios of posthumanism, bioethics, organic forms, anti-bodies and the state beyond capitalism. I have a three-year professional experience as an art educator in Greek public schools. I have experience of working as a scenographer and costume designer in movie production.<\/p>\n<p style=\"text-align: justify;\">Currently I am a student of MFA in Visual Arts at the Eugeniusz Geppert Academy of Art and Design in Wroclaw, Poland.\u00a0<br \/>(2019-2020) I studied Ceramic Design and Pottery, School of Ceramics and Pottery at Nikaia, Greece.(2019-2020) I have a certificate in Art Therapy after one year of specialization courses in University of Aegean, Greece.<br \/>(2019) I studied Scenography and Costumes at Kapodistrian University of Athens, Greece.<br \/>(2008-2014) I studied Fine Arts (BA) with specialization in Printmaking and Sculpture at School of Fine Arts, University of Ioannina, Greece.<br \/>I have participated in multiple group exhibitions, art fairs and festivals in Athens, Berlin and Paris and Wroclaw.<\/p>\n<p>[\/et_pb_accordion_item][et_pb_accordion_item title=&#8221;Abstrakt&#8221; open=&#8221;off&#8221; _builder_version=&#8221;4.17.0&#8243; _module_preset=&#8221;default&#8221; hover_enabled=&#8221;0&#8243; global_colors_info=&#8221;{}&#8221; sticky_enabled=&#8221;0&#8243;]<\/p>\n<p style=\"text-align: justify;\"><strong>[PL] <\/strong><span style=\"font-size: 14px;\">W niniejszym artykule opisano obecno\u015b\u0107 druku 3d w produkcji ceramicznych element\u00f3w architektonicznych, w tym cegie\u0142 i p\u0142ytek ceramicznych, z naciskiem na zr\u00f3wnowa\u017cony rozw\u00f3j w budownictwie. Nowoczesne technologie zwi\u0105zane z drukowaniem 3d z wykorzystaniem kilku materia\u0142\u00f3w zacz\u0119\u0142y by\u0107 wykorzystywane w prototypowaniu, procesie wytwarzania i metodach wytwarzania w bardziej zaawansowanych <\/span><span style=\"font-size: 14px;\">warunkach. Zwa\u017cywszy, \u017ce Ziemia znajduje si\u0119 ju\u017c w alarmuj\u0105cym stanie prawie ko\u0144ca swoich zasob\u00f3w, w procesie projektowania nale\u017cy wzi\u0105\u0107 pod uwag\u0119 zr\u00f3wnowa\u017cony rozw\u00f3j i poszanowanie \u015brodowiska. Ju\u017c teraz lepiej jest skoncentrowa\u0107 si\u0119 na zr\u00f3wnowa\u017conym rozwoju, minimalizuj\u0105c \u015blad w\u0119glowy, masowe odpady produkcyjne i bardziej ekologiczne rozwi\u0105zania, poprawiaj\u0105ce wydajno\u015b\u0107 konstrukcji i funkcjonalno\u015b\u0107. Ceramika drukowana w 3D zawiera dwie pozytywne warto\u015bci, innowacyjny proces drukowania 3d i tradycyjny materia\u0142 ceramiczny, kt\u00f3ry historycznie oznacza, \u017ce \u200b\u200bludzie u\u017cywali b\u0142ota, wody i ognia, aby rozpocz\u0105\u0107 budow\u0119. Podczas realizacji tego projektu zaprojektowa\u0142em i wydrukowa\u0142em makiety, formy, wydrukowane prototypy 3d, staraj\u0105c si\u0119 osi\u0105gn\u0105\u0107 precyzyjn\u0105, zr\u00f3wnowa\u017con\u0105 i szybk\u0105 produkcj\u0119 ceramiki jako powstaj\u0105cych element\u00f3w architektonicznych, kt\u00f3re rozwi\u0105zuj\u0105 problemy ekologiczne, a jednocze\u015bnie s\u0142u\u017c\u0105 estetyce przysz\u0142ych reali\u00f3w. Dodatkowo u\u017cy\u0142em dzikiej gliny, aby promowa\u0107 ide\u0119 wykorzystania lokalnych materia\u0142\u00f3w w architekturze, unikaj\u0105c zanieczyszczenia w\u0119glem poprzez korzystanie z mi\u0119dzynarodowej \u017ceglugi w handlu.<\/span><\/p>\n<p style=\"text-align: justify;\"><strong>[ENG] <\/strong><span style=\"font-size: 14px;\">The following paper describes the presence of 3d printing in the production of ceramic architectural components including ceramic bricks and tiles, with a focus on sustainability in the building industry. Modern technologies associated with 3d printing using several materials have started being involved in prototyping, fabrication process and manufacturing methods in more advanced terms. Considering that Earth is already at the alarming state of almost the end of its recourses, sustainability and environmental respect should be taken into account in the design process. It is already preferable to focus on sustainability minimizing the carbon footprint, the massive production waste and the greener solutions, improving the building performance of construction and functionality. 3d printed ceramics contain two positive values, the 3d printing innovative process and the traditional ceramic material that historically signifies that humans used mud, water and fire to start building. During the realization of this project, I designed and printed maquettes, molds, 3d printed prototypes in an effort to achieve a precise, sustainable and fast production of ceramics as emerging architectural components that solve ecological issues while they serve aesthetics of futural realities. Additionally, I used wild clay in order to promote the idea of using local materials in architecture, avoiding the carbon pollution of continuous massive international shipping in commerce.<\/span><\/p>\n<p>[\/et_pb_accordion_item][\/et_pb_accordion][\/et_pb_column][\/et_pb_row][\/et_pb_section]<\/p>\n","protected":false},"excerpt":{"rendered":"<p>Fania KOLAITI artysta | artistGrecja | Greece Badanie dotycz\u0105ce ceramicznych element\u00f3w architektonicznych jako nowych obiekt\u00f3w w zr\u00f3wnowa\u017conym projektowaniu i odbudowie ekosystemu | A study on ceramic architectural components as emerging objects in sustainable design and ecosystem restoration &nbsp;[PL]\u00a0Fania Kolaiti. Jestem artyst\u0105 interdyscyplinarnym. Obecnie pracuj\u0119 z glin\u0105 i projektuj\u0119 przedmioty u\u017cytkowe, nowatorskie i artystyczne. Posiadam do\u015bwiadczenie [&hellip;]<\/p>\n","protected":false},"author":1,"featured_media":0,"parent":0,"menu_order":0,"comment_status":"closed","ping_status":"closed","template":"","meta":{"_et_pb_use_builder":"on","_et_pb_old_content":"","_et_gb_content_width":"","footnotes":""},"class_list":["post-187","page","type-page","status-publish","hentry"],"_links":{"self":[{"href":"https:\/\/artmediation.art\/index.php\/wp-json\/wp\/v2\/pages\/187","targetHints":{"allow":["GET"]}}],"collection":[{"href":"https:\/\/artmediation.art\/index.php\/wp-json\/wp\/v2\/pages"}],"about":[{"href":"https:\/\/artmediation.art\/index.php\/wp-json\/wp\/v2\/types\/page"}],"author":[{"embeddable":true,"href":"https:\/\/artmediation.art\/index.php\/wp-json\/wp\/v2\/users\/1"}],"replies":[{"embeddable":true,"href":"https:\/\/artmediation.art\/index.php\/wp-json\/wp\/v2\/comments?post=187"}],"version-history":[{"count":3,"href":"https:\/\/artmediation.art\/index.php\/wp-json\/wp\/v2\/pages\/187\/revisions"}],"predecessor-version":[{"id":553,"href":"https:\/\/artmediation.art\/index.php\/wp-json\/wp\/v2\/pages\/187\/revisions\/553"}],"wp:attachment":[{"href":"https:\/\/artmediation.art\/index.php\/wp-json\/wp\/v2\/media?parent=187"}],"curies":[{"name":"wp","href":"https:\/\/api.w.org\/{rel}","templated":true}]}}