{"id":181,"date":"2022-04-14T09:18:44","date_gmt":"2022-04-14T09:18:44","guid":{"rendered":"https:\/\/artmediation.art\/?page_id=181"},"modified":"2022-04-22T22:32:17","modified_gmt":"2022-04-22T22:32:17","slug":"malgorzata-kaczmarska","status":"publish","type":"page","link":"https:\/\/artmediation.art\/index.php\/malgorzata-kaczmarska\/","title":{"rendered":"Ma\u0142gorzata KACZMARSKA"},"content":{"rendered":"<p>[et_pb_section fb_built=&#8221;1&#8243; _builder_version=&#8221;4.17.0&#8243; _module_preset=&#8221;default&#8221; global_colors_info=&#8221;{}&#8221;][et_pb_row column_structure=&#8221;2_5,3_5&#8243; _builder_version=&#8221;4.17.0&#8243; _module_preset=&#8221;default&#8221; global_colors_info=&#8221;{}&#8221;][et_pb_column type=&#8221;2_5&#8243; _builder_version=&#8221;4.17.0&#8243; _module_preset=&#8221;default&#8221; global_colors_info=&#8221;{}&#8221;][et_pb_gallery gallery_ids=&#8221;458&#8243; fullwidth=&#8221;on&#8221; _builder_version=&#8221;4.17.0&#8243; _module_preset=&#8221;default&#8221; global_colors_info=&#8221;{}&#8221;][\/et_pb_gallery][\/et_pb_column][et_pb_column type=&#8221;3_5&#8243; _builder_version=&#8221;4.17.0&#8243; _module_preset=&#8221;default&#8221; global_colors_info=&#8221;{}&#8221;][et_pb_text _builder_version=&#8221;4.17.0&#8243; _module_preset=&#8221;default&#8221; custom_padding=&#8221;5px|||||&#8221; hover_enabled=&#8221;0&#8243; global_colors_info=&#8221;{}&#8221; sticky_enabled=&#8221;0&#8243;]<\/p>\n<h2>Ma\u0142gorzata KACZMARSKA<\/h2>\n<p>dr hab. | PhD (Fine Arts) Hab.<br \/><strong>Akademia Sztuk Pi\u0119knych im. Eugeniusza Gepperta we Wroc\u0142awiu | The Eugeniusz Geppert<\/strong><br \/><strong>Academy of Art and Design in\u00a0<\/strong><b>Wroc\u0142aw<\/b><\/p>\n<h4><\/h4>\n<h4><strong>Narz\u0119dzia cyfrowe a proces badawczy w praktyce artystycznej | Digital tools and the research process in artistic practice<\/strong><\/h4>\n<p>&nbsp;<\/p>\n<p>[\/et_pb_text][et_pb_accordion _builder_version=&#8221;4.17.0&#8243; _module_preset=&#8221;default&#8221; global_colors_info=&#8221;{}&#8221;][et_pb_accordion_item title=&#8221;BIO&#8221; open=&#8221;on&#8221; _builder_version=&#8221;4.17.0&#8243; _module_preset=&#8221;default&#8221; global_colors_info=&#8221;{}&#8221;]<\/p>\n<p style=\"text-align: justify;\"><strong>[PL]\u00a0<\/strong><span>Ma\u0142gorzata Kaczmarska jest artystk\u0105 wizualn\u0105, badaczk\u0105 i kuratork\u0105. Uko\u0144czy\u0142a z wyr\u00f3\u017cnieniem Wydzia\u0142 Malarstwa Akademii Sztuk Pi\u0119knych w Krakowie. W pracy naukowo-badawczej zajmuje si\u0119 procesem tw\u00f3rczym oraz kontekstem przestrzennym dzie\u0142a sztuki. Autorka licznych tekst\u00f3w dotycz\u0105cych sztuki i wydarze\u0144 artystycznych opublikowanych w wydawnictwach bran\u017cowych oraz artyku\u0142\u00f3w naukowych w czasopismach recenzowanych.<\/span><\/p>\n<p class=\"v1MsoNormal\" style=\"text-align: justify;\"><span>Prace jej autorstwa by\u0142y wielokrotnie wyr\u00f3\u017cniane w mi\u0119dzynarodowych konkursach i kwalifikowane do prezentacji. Laureatka stypendium (Hiszpania, 1999) i rezydencji artystycznej (Indonezja, 2019). Sw\u00f3j dorobek tw\u00f3rczy eksponowa\u0142a na licznych wystawach w kraju i za granic\u0105 (Chorwacja, Hiszpania, Indonezja, Korea Po\u0142udniowa, S\u0142owacja, Ukraina, Wielka Brytania).<\/span><\/p>\n<p class=\"v1MsoNormal\" style=\"text-align: justify;\"><span>Nale\u017cy do ZPAP, artystycznej grupy20minut oraz kolektywu SPACE Start, z kt\u00f3rym zrealizowa\u0142a kilka transdyscyplinarnych projekt\u00f3w wystawienniczych.<\/span><\/p>\n<p style=\"text-align: justify;\"><strong>[ENG]\u00a0<\/strong><span lang=\"EN-US\">Ma\u0142gorzata Kaczmarska is a visual artist, researcher and curator. She graduated with honors from the Faculty of Painting at the Academy of Fine Arts in Krak\u00f3w. In her research work, she deals with the creative process and the spatial context of a work of art. Author of numerous texts on art and artistic events published in trade publications and scientific articles in peer-reviewed journals.<\/span><\/p>\n<p class=\"v1MsoNormal\" style=\"text-align: justify;\"><span lang=\"EN-US\">Her works have been repeatedly awarded in international competitions and qualified for presentation. Winner of a scholarship (Spain, 1999) and artistic residency (Indonesia, 2019). She exhibited her creative achievements at numerous exhibitions in Poland and abroad (Croatia, Great Britain, Indonesia, Slovakia, South Korea, Spain, Ukraine)<\/span><\/p>\n<p class=\"v1MsoNormal\" style=\"text-align: justify;\"><span lang=\"EN-US\">She is a member of Polish Artists&#8217; Association, artistic group20minutes and the SPACE Start collective, with which she has carried out several transdisciplinary exhibition projects.<\/span><\/p>\n<p>[\/et_pb_accordion_item][et_pb_accordion_item title=&#8221;Abstrakt&#8221; _builder_version=&#8221;4.17.0&#8243; _module_preset=&#8221;default&#8221; global_colors_info=&#8221;{}&#8221; open=&#8221;off&#8221;]<\/p>\n<p style=\"text-align: justify;\"><strong>[PL]<\/strong> <span>Potrzeba tworzenia jest cz\u0119sto powi\u0105zana z niepokojem i konieczno\u015bci\u0105, r\u00f3wnie cz\u0119sto z ciekawo\u015bci\u0105 i otwarto\u015bci\u0105 na eksperyment. W dziedzinie sztuk wizualnych, poprzez media cyfrowe, nast\u0119puje rewolucja, kt\u00f3rej trudno si\u0119 oprze\u0107. Nowoczesne mo\u017cliwo\u015bci i innowacyjne zaci\u0119cie w ramach procesu tw\u00f3rczego mog\u0105 kompletnie odmieni\u0107 warsztat wsp\u00f3\u0142czesnego artysty. Wci\u0105\u017c jednak to \u015bwiadomo\u015b\u0107 tw\u00f3rcza, intelekt i emocje pozostaj\u0105 najwa\u017cniejszym odniesieniem.<\/span><\/p>\n<p style=\"text-align: justify;\"><strong>[ENG] <\/strong>The urge to create is often associated with anxiety and necessity, just as often with curiosity and openness to experiment. In the field of visual arts, through digital media, there is a revolution that is difficult to resist. Modern possibilities and innovative flair in the creative process can completely change the workshop of a contemporary artist. Still, it is the creative awareness, intellect and emotions that remain the most important reference.<\/p>\n<p>[\/et_pb_accordion_item][\/et_pb_accordion][\/et_pb_column][\/et_pb_row][\/et_pb_section]<\/p>\n","protected":false},"excerpt":{"rendered":"<p>Ma\u0142gorzata KACZMARSKA dr hab. | PhD (Fine Arts) Hab.Akademia Sztuk Pi\u0119knych im. Eugeniusza Gepperta we Wroc\u0142awiu | The Eugeniusz GeppertAcademy of Art and Design in\u00a0Wroc\u0142aw Narz\u0119dzia cyfrowe a proces badawczy w praktyce artystycznej | Digital tools and the research process in artistic practice &nbsp;[PL]\u00a0Ma\u0142gorzata Kaczmarska jest artystk\u0105 wizualn\u0105, badaczk\u0105 i kuratork\u0105. Uko\u0144czy\u0142a z wyr\u00f3\u017cnieniem Wydzia\u0142 [&hellip;]<\/p>\n","protected":false},"author":1,"featured_media":0,"parent":0,"menu_order":0,"comment_status":"closed","ping_status":"closed","template":"","meta":{"_et_pb_use_builder":"on","_et_pb_old_content":"","_et_gb_content_width":"","footnotes":""},"class_list":["post-181","page","type-page","status-publish","hentry"],"_links":{"self":[{"href":"https:\/\/artmediation.art\/index.php\/wp-json\/wp\/v2\/pages\/181","targetHints":{"allow":["GET"]}}],"collection":[{"href":"https:\/\/artmediation.art\/index.php\/wp-json\/wp\/v2\/pages"}],"about":[{"href":"https:\/\/artmediation.art\/index.php\/wp-json\/wp\/v2\/types\/page"}],"author":[{"embeddable":true,"href":"https:\/\/artmediation.art\/index.php\/wp-json\/wp\/v2\/users\/1"}],"replies":[{"embeddable":true,"href":"https:\/\/artmediation.art\/index.php\/wp-json\/wp\/v2\/comments?post=181"}],"version-history":[{"count":7,"href":"https:\/\/artmediation.art\/index.php\/wp-json\/wp\/v2\/pages\/181\/revisions"}],"predecessor-version":[{"id":610,"href":"https:\/\/artmediation.art\/index.php\/wp-json\/wp\/v2\/pages\/181\/revisions\/610"}],"wp:attachment":[{"href":"https:\/\/artmediation.art\/index.php\/wp-json\/wp\/v2\/media?parent=181"}],"curies":[{"name":"wp","href":"https:\/\/api.w.org\/{rel}","templated":true}]}}