{"id":1299,"date":"2024-11-25T21:35:17","date_gmt":"2024-11-25T21:35:17","guid":{"rendered":"https:\/\/artmediation.art\/?page_id=1299"},"modified":"2024-11-25T21:45:43","modified_gmt":"2024-11-25T21:45:43","slug":"dowody-na-nie-obecnosc-evidence-of-absence","status":"publish","type":"page","link":"https:\/\/artmediation.art\/index.php\/dowody-na-nie-obecnosc-evidence-of-absence\/","title":{"rendered":"Dowody na NIE\/OBECNO\u015a\u0106 | Evidence of ABSENCE"},"content":{"rendered":"<p>[et_pb_section fb_built=&#8221;1&#8243; _builder_version=&#8221;4.18.0&#8243; _module_preset=&#8221;default&#8221; global_colors_info=&#8221;{}&#8221;][et_pb_row _builder_version=&#8221;4.18.0&#8243; _module_preset=&#8221;default&#8221; global_colors_info=&#8221;{}&#8221;][et_pb_column type=&#8221;4_4&#8243; _builder_version=&#8221;4.18.0&#8243; _module_preset=&#8221;default&#8221; global_colors_info=&#8221;{}&#8221;][et_pb_image src=&#8221;https:\/\/artmediation.art\/wp-content\/uploads\/2024\/11\/FB_1200X628_.jpg&#8221; title_text=&#8221;FB_1200X628_&#8221; _builder_version=&#8221;4.18.0&#8243; _module_preset=&#8221;default&#8221; global_colors_info=&#8221;{}&#8221;][\/et_pb_image][et_pb_gallery gallery_ids=&#8221;1301,1302,1303,1304,1305,1306,1307,1308,1309,1310,1311,1312,1313,1314,1315,1316,1317,1318,1319,1320,1321,1322,1323,1324,1325,1326,1327,1328,1329,1330,1331,1332,1333,1334,1335,1336,1337,1338,1339,1340,1341,1342,1343,1344,1345,1346,1347,1348,1349,1350,1351,1352,1353,1354,1355,1356,1357,1358,1359,1360,1361,1362,1363,1364,1365,1366,1367,1368,1369,1370,1371,1372,1373,1374,1375,1376&#8243; show_title_and_caption=&#8221;off&#8221; _builder_version=&#8221;4.18.0&#8243; _module_preset=&#8221;default&#8221; global_colors_info=&#8221;{}&#8221;][\/et_pb_gallery][et_pb_gallery gallery_ids=&#8221;1376,1375,1374,1373,1372,1371,1370,1369,1368,1367,1366,1365,1364,1363,1362,1361,1360,1359,1358,1357,1356,1355,1354,1353,1352,1351,1350,1349,1348,1347,1346,1345,1344,1343,1342,1341,1340,1339,1338,1337,1336,1335,1334,1333,1332,1331,1330,1329,1328,1327,1326,1325,1324,1323,1322,1321,1320,1319,1318,1317,1316,1315,1314,1313,1312,1311,1310,1309,1308,1307,1306,1305,1304,1303,1302,1301&#8243; gallery_orderby=&#8221;rand&#8221; fullwidth=&#8221;on&#8221; _builder_version=&#8221;4.18.0&#8243; _module_preset=&#8221;default&#8221; global_colors_info=&#8221;{}&#8221;][\/et_pb_gallery][et_pb_text _builder_version=&#8221;4.18.0&#8243; _module_preset=&#8221;default&#8221; custom_padding=&#8221;0px|||||&#8221; hover_enabled=&#8221;0&#8243; global_colors_info=&#8221;{}&#8221; sticky_enabled=&#8221;0&#8243;]<\/p>\n<div class=\"x11i5rnm xat24cr x1mh8g0r x1vvkbs xtlvy1s\"><\/div>\n<div class=\"x11i5rnm xat24cr x1mh8g0r x1vvkbs xtlvy1s\">\n<div class=\"v1x11i5rnm v1xat24cr v1x1mh8g0r v1x1vvkbs v1xtlvy1s v1x126k92a\">\n<div dir=\"auto\">\n<h1><strong style=\"font-size: 30px;\">NIE\/OBECNO\u015a\u0106 czyli o DESUBLIMACJI SZTUKI |<\/strong><\/h1>\n<h1><strong>NON\/PRESENCE, or about the DESUBLIMATION OF ART<\/strong><\/h1>\n<p>[PL]<\/p>\n<p>Mi\u0119dzynarodowe wydarzenie naukowo-artystyczne sk\u0142adaj\u0105ce si\u0119 z dw\u00f3ch komplementarnych wystaw:<span>\u00a0<\/span><strong>Dowody na OBECNO\u015a\u0106<\/strong><span>\u00a0<\/span>w Pa\u0142acu Struga w Struga oraz<span>\u00a0<\/span><strong>Dowody na NIEOBECNO\u015a\u0106<span>\u00a0<\/span><\/strong>w<span>\u00a0<\/span><strong>Galerii Geppart ASP Wroc\u0142aw<\/strong><\/p>\n<p>WYDARZENIE ZOSTA\u0141O OBJETE HONOROWYM PATRONATEM <strong>\u00a0MINISTERSTWA KULTURY I DZIEDZICTWA NARODOWEGO<\/strong><\/p>\n<p><span style=\"font-size: 14px;\">\u00a0<\/span><\/p>\n<p>09\u201323.06.2024<\/p>\n<p><a href=\"https:\/\/artmediation.art\/index.php\/nie-obecnosc-czyli-o-desublimacji-sztuki-non-presence-or-about-the\/\" target=\"_blank\" rel=\"noopener\"><strong>Dowody na OBECNO\u015a\u0106<\/strong><\/a><\/p>\n<p><strong>Pa\u0142acu Struga w Struga<\/strong><span>\u00a0<\/span>(ul. Wiejska 3, 58-311 Struga, Stare Bogaczowice, Dolny \u015al\u0105sk)<\/p>\n<p><span>Wernisa\u017c wystawy\u00a0<strong>Dowody na OBECNO\u015a\u0106<\/strong>\u00a0w Pa\u0142acu Struga w Struga,\u00a0<strong>8.06.2024, godz. 18.00<\/strong><\/span><\/p>\n<p><span style=\"font-size: 14px;\">\u00a0<\/span><\/p>\n<p>04\u201327.07.2024<\/p>\n<p><strong>Dowody na NIE\/OBECNO\u015a\u0106<\/strong><\/p>\n<p><strong>Galeria Geppart ASP Wroc\u0142aw<\/strong><span>\u00a0<\/span>(ul. Ksi\u0119cia Witolda 68\/2, 50-203 Wroc\u0142aw)<\/p>\n<p>wernisa\u017c wystawy:<span>\u00a0<\/span><strong>4.07.2024, godz. 18.00<\/strong><\/p>\n<p>&nbsp;<\/p>\n<p><span style=\"font-size: 14px;\">Celem wydarzenia jest konfrontacja badawczo-artystyczna i diagnoza krytyczna wsp\u00f3\u0142czesnego podej\u015bcia do praktyki artystycznej \u2013 w \u015bwiecie, gdzie obok materialnego obcowania z dzie\u0142em tw\u00f3rczym, jeste\u015bmy \u015bwiadkami i uczestnikami dematerializacji przedmiotu sztuki. Poprzez realizacj\u0119 tego wydarzenia pr\u00f3bujemy uchwyci\u0107 moment przenikania dotychczasowych medi\u00f3w artystycznych i generowania nowych rozwi\u0105za\u0144 i wyzwa\u0144 wynikaj\u0105cych z zastosowania rozwijaj\u0105cej si\u0119 b\u0142yskawicznie technologii np. 3D czy AI.<\/span><\/p>\n<p>Z perspektywy naukowc\u00f3w-artyst\u00f3w i o\u015brodka naukowego w Polsce (Akademia Sztuk Pi\u0119knych im. Eugeniusza Gepperta we Wroc\u0142awiu) pragniemy skonfrontowa\u0107 do\u015bwiadczenie artyst\u00f3w-badaczy z innych o\u015brodk\u00f3w akademickich w Polsce i za granic\u0105 oraz niezale\u017cnych tw\u00f3rc\u00f3w, kt\u00f3rzy w swojej praktyce artystycznej do\u015bwiadczaj\u0105 ryzyka nowych mo\u017cliwo\u015bci technicznych w przemy\u015blany spos\u00f3b, si\u0119gaj\u0105c g\u0142\u0119bszych sens\u00f3w.<\/p>\n<p><strong>ORGANIZATOR:\u00a0<\/strong>Katedra Mediacji Sztuki, Wydzia\u0142 Rze\u017aby i Mediacji Sztuki Akademii Sztuk Pi\u0119knych im. Eugeniusza Gepperta we Wroc\u0142awiu (Polska).<\/p>\n<p>Partnerem merytorycznym przedsi\u0119wzi\u0119cia s\u0105 dwie grupy badawcze z Wydzia\u0142u Sztuk Pi\u0119knych Universitat de Barcelona (Hiszpania): IMARTE oraz MATERIA IMPRESA.<\/p>\n<p><strong>Kuratorki wydarzenia:<\/strong><span>\u00a0<\/span>dr Monika Aleksandrowicz i dr hab. Ma\u0142gorzata Kaczmarska.<\/p>\n<p>Kuratorki wydarzenia zwr\u00f3ci\u0142y si\u0119 do naukowc\u00f3w reprezentuj\u0105cych r\u00f3\u017cne uczelnie artystyczne w Polsce i za granic\u0105 o wskazanie artyst\u00f3w-badaczy, kt\u00f3rych tw\u00f3rczo\u015b\u0107 wnosi istotne warto\u015bci do obrazu sztuki wsp\u00f3\u0142czesnej \u2013 poprzez nowatorskie uj\u0119cie problemu, aspekty wizualne czy u\u017cycie innowacyjnych technologii.<\/p>\n<p><strong>Komitet organizacyjny:\u00a0<\/strong>dr Monika Aleksandrowicz, dr Katarzyna Gemborys, dr hab. Ma\u0142gorzata Kaczmarska, dr Daniela Tagowska, mgr Liliana Le\u0144, Aqeel Abbas (doktorant Szko\u0142y Doktorskiej ASP we Wroc\u0142awiu)<\/p>\n<p>Wsparcie techniczne, transportowe i monta\u017cowe: ASP we Wroc\u0142awiu.<\/p>\n<p>Wydarzenie jest finansowane ze \u015brodk\u00f3w przyznanych przez Akademi\u0119 Sztuk Pi\u0119knych im. Eugeniusza Gepperta we Wroc\u0142awiu w ramach programu Mega Grant Artystyczny.<\/p>\n<p>&nbsp;<\/p>\n<p>WYDARZENIA TOWARZYSZ\u0104CE:<\/p>\n<p><strong>8 czerwca 2024 r., Pa\u0142ac Struga<\/strong><\/p>\n<p>\u2013 otwarcie wystawy<span>\u00a0<\/span><strong><em>Dowody na OBECNO\u015a\u0106<\/em><\/strong><\/p>\n<p>\u2013 performance dr Marii Bitki<\/p>\n<p>\u2013 dzia\u0142anie dr hab. Tomasza Opani, prof. ucz.<\/p>\n<p>\u2013 projekt<span>\u00a0<\/span><em>Pomi\u0119dzy<\/em><span>\u00a0<\/span>(muzyka-obraz-s\u0142owo), kt\u00f3rego punktem wyj\u015bcia jest synestezja, wielozmys\u0142owy odbi\u00f3r; dr Katarzyna Gemborys, Kinga Chudzikowska, Hanna B\u0142achuta<\/p>\n<p>\u2013 performance d\u017awi\u0119kowo-wizualny na urz\u0105dzenia elektroniczne, Konrad Ku\u017aniewski<\/p>\n<p>\u2013 panel dyskusyjny z udzia\u0142em artyst\u00f3w-badaczy i teoretyk\u00f3w<\/p>\n<p>&nbsp;<\/p>\n<p><strong>4 lipca 2024 r., Galeria Geppart ASP Wroc\u0142aw<\/strong><\/p>\n<p>\u2013 otwarcie wystawy<span>\u00a0<\/span><strong><em>Dowody na NIEOBECNO\u015a\u0106<\/em><\/strong><\/p>\n<p>\u2013 performance dr Marii Bitki<\/p>\n<blockquote><\/blockquote>\n<p><strong>ARTY\u015aCI BIOR\u0104CY UDZIA\u0141 W WYDARZENIU <a href=\"https:\/\/artmediation.art\/index.php\/artysci-bioracy-udzial-w-projekcie-artists-participating-in-the-project\/\">[wi\u0119cej o artystach bior\u0105cych udzia\u0142 w wydarzeniu\u00a0 &gt;&gt;&gt;]<\/a><\/strong><\/p>\n<blockquote><\/blockquote>\n<p><span>Aqeel Abbas \/ PAKISTAN, Mario Air\u00f2 \/ W\u0141OCHY, Maciej Albrzykowski \/ POLSKA, Monika Aleksandrowicz \/ POLSKA, Marc Angle\u0300s \/ HISZPANIA, Maria Bitka \/ Polska, Katarzyna Bogusz \/ POLSKA, Anna Bujak \/ POLSKA, Hubert Bujak \/ POLSKA, Eug\u00e8nia Agust\u00ed Cam\u00ed \/ HISZPANIA, Joaquim Cantalozella \/ HISZPANIA, Merc\u00e8 Casanovas \/ HISZPANIA, Agnieszka Chmura-Wieczorek \/ POLSKA, Ant\u00f2nia Coll \/ HISZPANIA, Ma\u0142gorzata Czerniawska \/ POLSKA, Marta Cz\u0142apa \/ POLSKA, Andrzej Drohomirecki \/ POLSKA, Cristiane Duarte \/ BRAZYLIA, Katarzyna Feiglewicz-Peszat \/ POLSKA, Miquel Garc\u00eda \/ HISZPANIA, Katarzyna Gemborys \/ POLSKA, Matilde Grau \/ HISZPANIA, Magda Grzybowska \/ POLSKA, Hirotoshi Iwasaki \/ JAPONIA, Jakub Jernajczyk \/ POLSKA, Gra\u017cyna Jaskierska-Albrzykowska \/ POLSKA, Ma\u0142gorzata Kaczmarska \/ POLSKA, Ma\u0142gorzata Kazimierczak \/ POLSKA, Rados\u0142aw Keler \/ POLSKA, Foteini (Fania) Kolaiti \/ GRECJA, Natalia Komorowska \/ POLSKA, Mami Kosemura \/ JAPONIA, Mariusz Kosiba \/ POLSKA, Andrzej Kosowski \/ POLSKA, Rafa\u0142 Kotwis \/ POLSKA, Konrad Ku\u017aniewski pseudonim Marc Ney \/ POLSKA, Lilianna Le\u0144 alias Lila Len \/ POLSKA, El\u017cbieta Leszczy\u0144ska-Szlachcic \/ POLSKA, Rosangella Leote \/ BRAZYLIA, Javier Lozano \/ HISZPANIA, Saitip Majewska \/ TAJLANDIA, Christos Mandzios \/ POLSKA, Materia Impresa, Tomasz Matuszak \/ POLSKA, Jo Milne \/ HISZPANIA, Jordi Morell \/ HISZPANIA, Laia Moreto Alvarado \/ HISZPANIA, Marta Negre \/ HISZPANIA, Grzegorz Niemyjski \/ POLSKA, Marcin Noga \/ POLSKA, Beata Oberc \/ POLSKA, Aleksander Olszewski \/ POLSKA, Tomasz Opania \/ POLSKA, O\u0300scar Padilla \/ HISZPANIA, not a Number (Alicja Panasiewicz\/Adam Panasiewicz) \/ POLSKA, Ramon Parramon we wsp\u00f3\u0142pracy z Gaspar Maza \/ HISZPANIA, Ram\u00f3n Parram\u00f3n \/ HISZPANIA, Cristina Past\u00f3 \/ HISZPANIA, Eloi Puig \/ HISZPANIA, Aleksandra Pulin\u0301ska \/ POLSKA, Marek Ruszkiewicz \/ POLSKA, Hiraku Suzuki \/ JAPONIA, Marek Sienkiewicz \/ POLSKA, Rolf Simoes \/ BRAZYLIA, Marek Stanielewicz \/ POLSKA, Micha\u0142 Staszczak \/ POLSKA, Marta Szajneman-Szuba \/ POLSKA, Aleksandra Szle\u0328k \/ POLSKA, Daniela Tagowska \/ POLSKA, Aurelia Tymin\u0301ska \/ POLSKA, Albert Valera \/ HISZPANIA, \u00c0ngels Viladomiu \/ HISZPANIA, Kamila Winsztal \/ POLSKA, Maria Wro\u0144ska \/ POLSKA, Aleksander Zy\u015bko \/ POLSKA<\/span><\/p>\n<p><strong>Projekt d\u017awi\u0119kowy:<\/strong><\/p>\n<p>Prezentowane w przestrzeni audialnej prace s\u0105 dzie\u0142ami wyobra\u017conymi, faktycznie nie maj\u0105cymi swojej reprezentacji materialnej. Funkcjonuj\u0105 jedynie w formie audiodeskrypcji, daj\u0105c tym samym wszystkim odbiorcom do\u015bwiadczenie poznania dzie\u0142a jedynie poprzez jego opis.<\/p>\n<p>Prace zrealizowano w ramach badania narz\u0119dzi dost\u0119pno\u015bci sztuki w Katedrze Mediacji Sztuki, na Akademii Sztuki Pi\u0119knych im. Eugeniusza Gepperta we Wroc\u0142awiu, pod kierunkiem Lilianny Le\u0144.<\/p>\n<p>Konsultacja audiodeskrypcji: Fundacja Szansa \u2013 Jeste\u015bmy Razem.<\/p>\n<p>Autorki:\u00a0Agata Borawska,\u00a0Stefania M. Jankowiak,\u00a0Wiktoria Owczarek,\u00a0Daria Raczy\u0144ska,\u00a0Zofia Wiktorek,\u00a0Basia W\u0142oszczyk,\u00a0Jola Ziembicka<\/p>\n<p>&nbsp;<\/p>\n<p>______________________________________________________________________________________________________________<\/p>\n<p>[ENG]<\/p>\n<p>An international scientific and artistic event consisting of two complementary exhibitions: <strong>Evidence of PRESENCE<\/strong> at the Struga Palace in Struga and <strong>Evidence of ABSENCE<\/strong> at the Geppart Gallery ASP Wroc\u0142aw<\/p>\n<p>&nbsp;<\/p>\n<p>HONORARY PATRONAGE <strong>MINISTRY OF CULTURE AND NATIONAL HERITAGE REPUBLIC OF POLAND<\/strong><\/p>\n<p>&nbsp;<\/p>\n<p>09\u201323.06.2024<\/p>\n<p><a href=\"https:\/\/artmediation.art\/index.php\/nie-obecnosc-czyli-o-desublimacji-sztuki-non-presence-or-about-the\/\" target=\"_blank\" rel=\"noopener\"><strong>Evidence of PRESENCE<\/strong><\/a><\/p>\n<p><strong>Struga Palace in Struga<\/strong>, Poland (2 Wiejska Str., 58-311 Struga, Stare Bogaczowice, Dolny \u015al\u0105sk, Poland)<\/p>\n<p>&nbsp;<\/p>\n<p>04\u201327.07.2024<\/p>\n<p><strong>Evidence of ABSENCE<\/strong><\/p>\n<p><strong>Geppart Gallery ASP Wroc\u0142aw<\/strong>, Poland (68\/2 Ksi\u0119cia Witolda Str., 50-203 Wroc\u0142aw)<\/p>\n<p>&nbsp;<\/p>\n<p>The aim of the event is a research and artistic confrontation and a critical diagnosis of the contemporary approach to artistic practice &#8211; in a world where, in addition to material contact with a creative work, we are witnesses and participants of the dematerialization of the object of art. By organizing this event, we are trying to capture the moment of penetration of existing artistic media and the generation of new solutions and challenges resulting from the use of rapidly developing technology, e.g. 3D or AI.<\/p>\n<p>From the perspective of artist-scientists and a research center in Poland (The Eugeniusz Geppert Academy of Art and Design in Wroclaw), we would like to compare the experience of artist-researchers from other academic centers in Poland and abroad and independent creators who experience the risk of new technical possibilities in their artistic practice, in a thoughtful way, reaching deeper meanings.<\/p>\n<p>&nbsp;<\/p>\n<p><strong>ORGANIZER:<\/strong><\/p>\n<p>Department of Art Mediation at the Faculty of Sculpture and Art Mediation, The Eugeniusz Geppert Academy of Art and Design in Wroclaw, Poland<\/p>\n<p>&nbsp;<\/p>\n<p>The substantive partners of the project are two research groups from the Faculty of Fine Arts of the Universitat de Barcelona (Spain): IMARTE and MATERIA IMPRESA.<\/p>\n<p>&nbsp;<\/p>\n<p>Curators: Monika Aleksandrowicz PhD, Ma\u0142gorzata Kaczmarska Associated Professor<\/p>\n<p>&nbsp;<\/p>\n<p>The curators of the event asked scientists representing various art universities in Poland and abroad to identify artist-researchers whose work brings significant values to the image of contemporary art \u2013 through an innovative approach to the problem, visual aspects or the use of innovative technologies.<\/p>\n<p>&nbsp;<\/p>\n<p><strong>ORGANIZING COMMITTEE:<\/strong><\/p>\n<p>Monika Aleksandrowicz PhD, Katarzyna Gemborys PhD, Ma\u0142gorzata Kaczmarska Associated Professor, Daniela Tagowska PhD, Liliana Le\u0144, Aqeel Abbas (PhD Student of the Doctoral School of ASP in Wroclaw)<\/p>\n<p>&nbsp;<\/p>\n<p>Technical, transport and assembly support: The Eugeniusz Geppert Academy of Art and Design in Wroclaw, Poland<\/p>\n<p>&nbsp;<\/p>\n<p>The event is financed by funds granted by The Eugeniusz Geppert Academy of Art and Design in Wroclaw as part of the Mega Artistic Grant program.<\/p>\n<p>&nbsp;<\/p>\n<p><strong>ACCOMPANYING EVENTS:<\/strong><\/p>\n<p>&nbsp;<\/p>\n<p><strong>June 8, 2024, Struga Palace<\/strong><\/p>\n<p>\u2013 opening of the Evidence of PRESENCE exhibition<\/p>\n<p>\u2013 performance by Maria Bitka PhD<\/p>\n<p>\u2013 action of Tomasz Opania, Associated Professor<\/p>\n<p>\u2013 Inbetween project (music-image-word), whose starting point is synesthesia, multi-sensory reception; Katarzyna Gemborys PhD, Kinga Chudzikowska, Hanna B\u0142achuta<\/p>\n<p>\u2013 sound and visual performance for electronic devices, Konrad Ku\u017aniewski<\/p>\n<p>\u2013 discussion panel with the participation of artist-researchers and theoreticians<\/p>\n<p>&nbsp;<\/p>\n<p><strong>July 4, 2024, Geppart Gallery ASP Wroc\u0142aw<\/strong><\/p>\n<p>\u2013 opening of the Evidence of ABSENCE exhibition<\/p>\n<p>\u2013 performance by Maria Bitka PhD<\/p>\n<p>\u00ad\u2013 sound performance by Miruna Gheordunescu Aka Gheordu (PhD Student of the Doctoral School of ASP in Wroclaw)<\/p>\n<p>&nbsp;<\/p>\n<blockquote><\/blockquote>\n<p><strong>ARTISTS PARTICIPATING IN THE EVENT <a href=\"https:\/\/artmediation.art\/index.php\/artysci-bioracy-udzial-w-projekcie-artists-participating-in-the-project\/\">[more about the artists participating in the event &gt;&gt;&gt;]<\/a><\/strong><\/p>\n<blockquote><\/blockquote>\n<p><span style=\"font-size: 14px;\">Aqeel Abbas \/ PAKISTAN, Mario Air\u00f2 \/ W\u0141OCHY, Maciej Albrzykowski \/ POLSKA, Monika Aleksandrowicz \/ POLSKA, Marc Angle\u0300s \/ HISZPANIA, Maria Bitka \/ Polska, Katarzyna Bogusz \/ POLSKA, Anna Bujak \/ POLSKA, Hubert Bujak \/ POLSKA, Eug\u00e8nia Agust\u00ed Cam\u00ed \/ HISZPANIA, Joaquim Cantalozella \/ HISZPANIA, Merc\u00e8 Casanovas \/ HISZPANIA, Agnieszka Chmura-Wieczorek \/ POLSKA, Ant\u00f2nia Coll \/ HISZPANIA, Ma\u0142gorzata Czerniawska \/ POLSKA, Marta Cz\u0142apa \/ POLSKA, Andrzej Drohomirecki \/ POLSKA, Cristiane Duarte \/ BRAZYLIA, Katarzyna Feiglewicz-Peszat \/ POLSKA, Miquel Garc\u00eda \/ HISZPANIA, Katarzyna Gemborys \/ POLSKA, Matilde Grau \/ HISZPANIA, Magda Grzybowska \/ POLSKA, Hirotoshi Iwasaki \/ JAPONIA, Jakub Jernalczyk \/ POLSKA, Gra\u017cyna Jaskierska-Albrzykowska \/ POLSKA, Ma\u0142gorzata Kaczmarska \/ POLSKA, Ma\u0142gorzata Kazimierczak \/ POLSKA, Rados\u0142aw Keler \/ POLSKA, Foteini (Fania) Kolaiti \/ GRECJA, Natalia Komorowska \/ POLSKA, Mami Kosemura \/ JAPONIA, Mariusz Kosiba \/ POLSKA, Andrzej Kosowski \/ POLSKA, Rafa\u0142 Kotwis \/ POLSKA, Konrad Ku\u017aniewski pseudonim Marc Ney \/ POLSKA, Lilianna Le\u0144 alias Lila Len \/ POLSKA, El\u017cbieta Leszczy\u0144ska-Szlachcic \/ POLSKA, Rosangella Leote \/ BRAZYLIA, Javier Lozano \/ HISZPANIA, Saitip Majewska \/ TAJLANDIA, Christos Mandzios \/ POLSKA, Materia Impresa, Tomasz Matuszak \/ POLSKA, Jo Milne \/ HISZPANIA, Jordi Morell \/ HISZPANIA, Laia Moreto Alvarado \/ HISZPANIA, Marta Negre \/ HISZPANIA, Grzegorz Niemyjski \/ POLSKA, Marcin Noga \/ POLSKA, Beata Oberc \/ POLSKA, Aleksander Olszewski \/ POLSKA, Tomasz Opania \/ POLSKA, O\u0300scar Padilla \/ HISZPANIA, not a Number (Alicja Panasiewicz\/Adam Panasiewicz) \/ POLSKA, Ramon Parramon we wsp\u00f3\u0142pracy z Gaspar Maza \/ HISZPANIA, Ram\u00f3n Parram\u00f3n \/ HISZPANIA, Cristina Past\u00f3 \/ HISZPANIA, Eloi Puig \/ HISZPANIA, Aleksandra Pulin\u0301ska \/ POLSKA, Marek Ruszkiewicz \/ POLSKA, Hiraku Suzuki \/ JAPONIA, Marek Sienkiewicz \/ POLSKA, Rolf Simoes \/ BRAZYLIA, Marek Stanielewicz \/ POLSKA, Micha\u0142 Staszczak \/ POLSKA, Marta Szajneman-Szuba \/ POLSKA, Aleksandra Szle\u0328k \/ POLSKA, Daniela Tagowska \/ POLSKA, Aurelia Tymin\u0301ska \/ POLSKA, Albert Valera \/ HISZPANIA, \u00c0ngels Viladomiu \/ HISZPANIA, Kamila Winsztal \/ POLSKA, Maria Wro\u0144ska \/ POLSKA, Aleksander Zy\u015bko \/ POLSKA<\/span><\/p>\n<p>&nbsp;<\/p>\n<p><strong>Audio project: <\/strong><\/p>\n<p>The works presented in the auditorium are imaginary works that do not actually have any material representation. They function only in the form of audio description, thus giving all recipients the experience of learning about the work only through its description.<\/p>\n<p>The work was carried out as part of the study of art accessibility tools at the Department of Art Mediation at the Academy of Fine Arts. Eugeniusz Geppert in Wroc\u0142aw, under the supervision of Lilianna Le\u0144.<\/p>\n<p>Audio description consultation: Szansa Foundation \u2013 Jest Razem.<\/p>\n<p>Authors: Agata Borawska,\u00a0Stefania M. Jankowiak,\u00a0Wiktoria Owczarek,\u00a0Daria Raczy\u0144ska,\u00a0Zofia Wiktorek,\u00a0Basia W\u0142oszczyk,\u00a0Jola Ziembicka<\/p>\n<\/div>\n<\/div>\n<\/div>\n<p>[\/et_pb_text][\/et_pb_column][\/et_pb_row][et_pb_row column_structure=&#8221;2_3,1_3&#8243; _builder_version=&#8221;4.18.0&#8243; _module_preset=&#8221;default&#8221; global_colors_info=&#8221;{}&#8221;][et_pb_column type=&#8221;2_3&#8243; _builder_version=&#8221;4.18.0&#8243; _module_preset=&#8221;default&#8221; global_colors_info=&#8221;{}&#8221;][et_pb_image src=&#8221;https:\/\/artmediation.art\/wp-content\/uploads\/2024\/06\/DESUBLIMACJA_POSTER_www-scaled.jpg&#8221; title_text=&#8221;DESUBLIMACJA_POSTER_www&#8221; _builder_version=&#8221;4.18.0&#8243; _module_preset=&#8221;default&#8221; global_colors_info=&#8221;{}&#8221;][\/et_pb_image][\/et_pb_column][et_pb_column type=&#8221;1_3&#8243; _builder_version=&#8221;4.18.0&#8243; _module_preset=&#8221;default&#8221; global_colors_info=&#8221;{}&#8221;][et_pb_text _builder_version=&#8221;4.18.0&#8243; _module_preset=&#8221;default&#8221; global_colors_info=&#8221;{}&#8221;]<\/p>\n<h3>Plakat towarzysz\u0105cy wydarzeniu cz\u0119\u015bci 1<\/h3>\n<p><strong>09\u201323.06.2024<\/strong><\/p>\n<h1><strong>Dowody na OBECNO\u015a\u0106<\/strong><\/h1>\n<h3><strong>w Pa\u0142acu Struga w Struga<\/strong><\/h3>\n<p>[\/et_pb_text][\/et_pb_column][\/et_pb_row][et_pb_row column_structure=&#8221;2_5,3_5&#8243; _builder_version=&#8221;4.18.0&#8243; _module_preset=&#8221;default&#8221; global_colors_info=&#8221;{}&#8221;][et_pb_column type=&#8221;2_5&#8243; _builder_version=&#8221;4.18.0&#8243; _module_preset=&#8221;default&#8221; global_colors_info=&#8221;{}&#8221;][et_pb_image src=&#8221;https:\/\/artmediation.art\/wp-content\/uploads\/2024\/06\/05_Logo-MKiDN_kolor_biale_tlo_CMYK-01.jpg&#8221; title_text=&#8221;05_Logo MKiDN_kolor_biale_tlo_CMYK-01&#8243; _builder_version=&#8221;4.18.0&#8243; _module_preset=&#8221;default&#8221; global_colors_info=&#8221;{}&#8221;][\/et_pb_image][\/et_pb_column][et_pb_column type=&#8221;3_5&#8243; _builder_version=&#8221;4.18.0&#8243; _module_preset=&#8221;default&#8221; global_colors_info=&#8221;{}&#8221;][et_pb_text _builder_version=&#8221;4.18.0&#8243; _module_preset=&#8221;default&#8221; global_colors_info=&#8221;{}&#8221;]<\/p>\n<p>WYDARZENIE ZOSTA\u0141O OBJETE HONOROWYM PATRONATEM <strong>\u00a0MINISTERSTWA KULTURY I DZIEDZICTWA NARODOWEGO<\/strong><\/p>\n<p>HONORARY PATRONAGE <strong>MINISTRY OF CULTURE AND NATIONAL HERITAGE REPUBLIC OF POLAND<\/strong><\/p>\n<p>&nbsp;<\/p>\n<p>[\/et_pb_text][\/et_pb_column][\/et_pb_row][\/et_pb_section]<\/p>\n","protected":false},"excerpt":{"rendered":"<p>NIE\/OBECNO\u015a\u0106 czyli o DESUBLIMACJI SZTUKI | NON\/PRESENCE, or about the DESUBLIMATION OF ART [PL] Mi\u0119dzynarodowe wydarzenie naukowo-artystyczne sk\u0142adaj\u0105ce si\u0119 z dw\u00f3ch komplementarnych wystaw:\u00a0Dowody na OBECNO\u015a\u0106\u00a0w Pa\u0142acu Struga w Struga oraz\u00a0Dowody na NIEOBECNO\u015a\u0106\u00a0w\u00a0Galerii Geppart ASP Wroc\u0142aw WYDARZENIE ZOSTA\u0141O OBJETE HONOROWYM PATRONATEM \u00a0MINISTERSTWA KULTURY I DZIEDZICTWA NARODOWEGO \u00a0 09\u201323.06.2024 Dowody na OBECNO\u015a\u0106 Pa\u0142acu Struga w Struga\u00a0(ul. Wiejska [&hellip;]<\/p>\n","protected":false},"author":1,"featured_media":1287,"parent":0,"menu_order":0,"comment_status":"closed","ping_status":"closed","template":"","meta":{"_et_pb_use_builder":"on","_et_pb_old_content":"","_et_gb_content_width":"","footnotes":""},"class_list":["post-1299","page","type-page","status-publish","has-post-thumbnail","hentry"],"_links":{"self":[{"href":"https:\/\/artmediation.art\/index.php\/wp-json\/wp\/v2\/pages\/1299","targetHints":{"allow":["GET"]}}],"collection":[{"href":"https:\/\/artmediation.art\/index.php\/wp-json\/wp\/v2\/pages"}],"about":[{"href":"https:\/\/artmediation.art\/index.php\/wp-json\/wp\/v2\/types\/page"}],"author":[{"embeddable":true,"href":"https:\/\/artmediation.art\/index.php\/wp-json\/wp\/v2\/users\/1"}],"replies":[{"embeddable":true,"href":"https:\/\/artmediation.art\/index.php\/wp-json\/wp\/v2\/comments?post=1299"}],"version-history":[{"count":5,"href":"https:\/\/artmediation.art\/index.php\/wp-json\/wp\/v2\/pages\/1299\/revisions"}],"predecessor-version":[{"id":1384,"href":"https:\/\/artmediation.art\/index.php\/wp-json\/wp\/v2\/pages\/1299\/revisions\/1384"}],"wp:featuredmedia":[{"embeddable":true,"href":"https:\/\/artmediation.art\/index.php\/wp-json\/wp\/v2\/media\/1287"}],"wp:attachment":[{"href":"https:\/\/artmediation.art\/index.php\/wp-json\/wp\/v2\/media?parent=1299"}],"curies":[{"name":"wp","href":"https:\/\/api.w.org\/{rel}","templated":true}]}}