{"id":122,"date":"2022-04-14T08:04:05","date_gmt":"2022-04-14T08:04:05","guid":{"rendered":"https:\/\/artmediation.art\/?page_id=122"},"modified":"2022-04-22T22:31:05","modified_gmt":"2022-04-22T22:31:05","slug":"122-2","status":"publish","type":"page","link":"https:\/\/artmediation.art\/index.php\/122-2\/","title":{"rendered":"Monika ALEKSANDROWICZ"},"content":{"rendered":"<p>[et_pb_section fb_built=&#8221;1&#8243; _builder_version=&#8221;4.17.0&#8243; _module_preset=&#8221;default&#8221; global_colors_info=&#8221;{}&#8221;][et_pb_row column_structure=&#8221;2_5,3_5&#8243; _builder_version=&#8221;4.17.0&#8243; _module_preset=&#8221;default&#8221; global_colors_info=&#8221;{}&#8221;][et_pb_column type=&#8221;2_5&#8243; _builder_version=&#8221;4.17.0&#8243; _module_preset=&#8221;default&#8221; global_colors_info=&#8221;{}&#8221;][et_pb_gallery gallery_ids=&#8221;128,129,130,131&#8243; fullwidth=&#8221;on&#8221; _builder_version=&#8221;4.17.0&#8243; _module_preset=&#8221;default&#8221; global_colors_info=&#8221;{}&#8221;][\/et_pb_gallery][\/et_pb_column][et_pb_column type=&#8221;3_5&#8243; _builder_version=&#8221;4.17.0&#8243; _module_preset=&#8221;default&#8221; global_colors_info=&#8221;{}&#8221;][et_pb_text _builder_version=&#8221;4.17.0&#8243; _module_preset=&#8221;default&#8221; custom_padding=&#8221;0px|||||&#8221; global_colors_info=&#8221;{}&#8221;]<\/p>\n<h2>Monika Aleksandrowicz<\/h2>\n<p>dr | PhD (Fine Arts)<br \/><strong>Akademia Sztuk Pi\u0119knych im. Eugeniusza Gepperta we Wroc\u0142awiu | The Eugeniusz Geppert<\/strong><br \/><strong>Academy of Art and Design in Wroclaw<\/strong><\/p>\n<h4><\/h4>\n<h3><strong>Technologia w procesie kszta\u0142towania kompetencji | Technology in the process of shaping competences<\/strong><\/h3>\n<p>&nbsp;<\/p>\n<p>[\/et_pb_text][et_pb_accordion _builder_version=&#8221;4.17.0&#8243; _module_preset=&#8221;default&#8221; global_colors_info=&#8221;{}&#8221;][et_pb_accordion_item title=&#8221;BIO&#8221; open=&#8221;on&#8221; _builder_version=&#8221;4.17.0&#8243; _module_preset=&#8221;default&#8221; global_colors_info=&#8221;{}&#8221;]<\/p>\n<p style=\"text-align: justify;\"><strong>[PL]\u00a0<\/strong><span>Absolwentka Wydzia\u0142u Malarstwa wroc\u0142awskiej Akademii Sztuk Pi\u0119knych (1999) oraz Filozofii na wydziale Nauk Spo\u0142ecznych Uniwersytetu Wroc\u0142awskiego (2001). W dorobku artystycznym Moniki Aleksandrowicz znajduje si\u0119 ponad 60 wystaw zbiorowych, sympozja po\u015bwi\u0119cone sztuce konceptualnej oraz ekspozycje indywidualne, kt\u00f3re organizowane i prezentowane by\u0142y w kraju i za granic\u0105. Obecnie pracuje w Katedrze Mediacji Sztuki wroc\u0142awskiej Akademii Sztuk Pi\u0119knych.<\/span><\/p>\n<p><strong style=\"font-size: 14px;\">[ENG]<\/strong><span style=\"font-size: 14px;\"> <\/span><span style=\"font-size: 14px;\">A graduate of the Faculty of Painting at the Academy of Fine Arts in Wroc\u0142aw (1999) and Philosophy at the Faculty of Social Sciences of the University of Wroc\u0142aw (2001). Monika Aleksandrowicz\u2019s artistic output includes over 60 collective exhibitions, symposia devoted to conceptual art and individual exhibitions that were organized and presented in the country and abroad. She currently works at the Art Mediation Department of The Eugeniusz Geppert Academy of Art and Design in Wroc\u0142aw.<\/span><span><\/span><\/p>\n<p style=\"text-align: justify;\">\n<p>[\/et_pb_accordion_item][et_pb_accordion_item title=&#8221;Abstrakt&#8221; _builder_version=&#8221;4.17.0&#8243; _module_preset=&#8221;default&#8221; global_colors_info=&#8221;{}&#8221; open=&#8221;off&#8221;]<\/p>\n<p style=\"text-align: justify;\"><strong>[PL]<\/strong> Wiele<\/p>\n<p style=\"text-align: justify;\"><strong>[ENG] <\/strong>There is<\/p>\n<p>[\/et_pb_accordion_item][\/et_pb_accordion][\/et_pb_column][\/et_pb_row][\/et_pb_section]<\/p>\n","protected":false},"excerpt":{"rendered":"<p>Monika Aleksandrowicz dr | PhD (Fine Arts)Akademia Sztuk Pi\u0119knych im. Eugeniusza Gepperta we Wroc\u0142awiu | The Eugeniusz GeppertAcademy of Art and Design in Wroclaw Technologia w procesie kszta\u0142towania kompetencji | Technology in the process of shaping competences &nbsp;[PL]\u00a0Absolwentka Wydzia\u0142u Malarstwa wroc\u0142awskiej Akademii Sztuk Pi\u0119knych (1999) oraz Filozofii na wydziale Nauk Spo\u0142ecznych Uniwersytetu Wroc\u0142awskiego (2001). W [&hellip;]<\/p>\n","protected":false},"author":1,"featured_media":0,"parent":0,"menu_order":0,"comment_status":"closed","ping_status":"closed","template":"","meta":{"_et_pb_use_builder":"on","_et_pb_old_content":"","_et_gb_content_width":"","footnotes":""},"class_list":["post-122","page","type-page","status-publish","hentry"],"_links":{"self":[{"href":"https:\/\/artmediation.art\/index.php\/wp-json\/wp\/v2\/pages\/122","targetHints":{"allow":["GET"]}}],"collection":[{"href":"https:\/\/artmediation.art\/index.php\/wp-json\/wp\/v2\/pages"}],"about":[{"href":"https:\/\/artmediation.art\/index.php\/wp-json\/wp\/v2\/types\/page"}],"author":[{"embeddable":true,"href":"https:\/\/artmediation.art\/index.php\/wp-json\/wp\/v2\/users\/1"}],"replies":[{"embeddable":true,"href":"https:\/\/artmediation.art\/index.php\/wp-json\/wp\/v2\/comments?post=122"}],"version-history":[{"count":6,"href":"https:\/\/artmediation.art\/index.php\/wp-json\/wp\/v2\/pages\/122\/revisions"}],"predecessor-version":[{"id":608,"href":"https:\/\/artmediation.art\/index.php\/wp-json\/wp\/v2\/pages\/122\/revisions\/608"}],"wp:attachment":[{"href":"https:\/\/artmediation.art\/index.php\/wp-json\/wp\/v2\/media?parent=122"}],"curies":[{"name":"wp","href":"https:\/\/api.w.org\/{rel}","templated":true}]}}